{"id":1666,"date":"2021-01-24T13:55:42","date_gmt":"2021-01-24T12:55:42","guid":{"rendered":"https:\/\/www.mattheeuws.com\/?page_id=1666"},"modified":"2021-05-07T14:16:17","modified_gmt":"2021-05-07T12:16:17","slug":"jobs","status":"publish","type":"page","link":"https:\/\/www.mattheeuws.com\/de\/jobs\/","title":{"rendered":"Jobs"},"content":{"rendered":"<p>[vc_row row_height_percent=&#8220;0&#8243; overlay_alpha=&#8220;50&#8243; gutter_size=&#8220;3&#8243; column_width_percent=&#8220;100&#8243; shift_y=&#8220;0&#8243; z_index=&#8220;0&#8243;][vc_column column_width_percent=&#8220;100&#8243; gutter_size=&#8220;2&#8243; overlay_alpha=&#8220;50&#8243; shift_x=&#8220;0&#8243; shift_y=&#8220;0&#8243; shift_y_down=&#8220;0&#8243; z_index=&#8220;0&#8243; medium_width=&#8220;0&#8243; mobile_width=&#8220;0&#8243; width=&#8220;2\/3&#8243; el_class=&#8220;first_block&#8220;][uncode_breadcrumbs separator=&#8220;triangle&#8220;][vc_column_text]Mattheeuws bietet verschiedene Logistikdienstleistungen auf dem Niveau und der Zeit an, die der Versender und der Kunde ben\u00f6tigen. Unser Ziel ist es, die h\u00f6chstm\u00f6gliche Qualit\u00e4t zu liefern. nicht nur bei direkten Dienstleistungen, sondern auch bei Unterst\u00fctzungsaktivit\u00e4ten und Nachsorge. Hersteller und K\u00e4ufer stellen zunehmend h\u00f6here Anforderungen an die Produkte; Wir setzen hohe Standards f\u00fcr unsere Dienstleistungen.[\/vc_column_text][uncode_index el_id=&#8220;index-195396&#8243; loop=&#8220;size:All|order_by:date|post_type:vacature|taxonomy_count:10&#8243; gutter_size=&#8220;3&#8243; vacature_items=&#8220;title,text|excerpt&#8220; screen_lg=&#8220;0&#8243; screen_md=&#8220;0&#8243; screen_sm=&#8220;0&#8243; single_width=&#8220;12&#8243; single_back_color=&#8220;color-737473&#8243; single_overlay_opacity=&#8220;50&#8243; single_padding=&#8220;2&#8243;][\/vc_column][vc_column column_width_percent=&#8220;100&#8243; gutter_size=&#8220;3&#8243; overlay_alpha=&#8220;50&#8243; shift_x=&#8220;0&#8243; shift_y=&#8220;0&#8243; shift_y_down=&#8220;0&#8243; z_index=&#8220;0&#8243; medium_width=&#8220;0&#8243; mobile_width=&#8220;0&#8243; width=&#8220;1\/3&#8243; el_class=&#8220;sidebar&#8220;][uncode_block id=&#8220;924&#8243; inside_column=&#8220;yes&#8220;][\/vc_column][\/vc_row]<\/p>\n","protected":false},"excerpt":{"rendered":"<p>[vc_row row_height_percent=&#8220;0&#8243; overlay_alpha=&#8220;50&#8243; gutter_size=&#8220;3&#8243; column_width_percent=&#8220;100&#8243; shift_y=&#8220;0&#8243; z_index=&#8220;0&#8243;][vc_column column_width_percent=&#8220;100&#8243; gutter_size=&#8220;2&#8243; overlay_alpha=&#8220;50&#8243; shift_x=&#8220;0&#8243; shift_y=&#8220;0&#8243; shift_y_down=&#8220;0&#8243; z_index=&#8220;0&#8243; medium_width=&#8220;0&#8243; mobile_width=&#8220;0&#8243; width=&#8220;2\/3&#8243; el_class=&#8220;first_block&#8220;][uncode_breadcrumbs separator=&#8220;triangle&#8220;][vc_column_text]Mattheeuws bietet [&hellip;]<\/p>\n","protected":false},"author":4,"featured_media":3876,"parent":0,"menu_order":0,"comment_status":"closed","ping_status":"closed","template":"","meta":{"footnotes":""},"class_list":["post-1666","page","type-page","status-publish","has-post-thumbnail","hentry"],"yoast_head":"<!-- This site is optimized with the Yoast SEO plugin v27.0 - https:\/\/yoast.com\/product\/yoast-seo-wordpress\/ -->\n<title>Jobs - Mattheeuws<\/title>\n<meta name=\"robots\" content=\"index, follow, max-snippet:-1, max-image-preview:large, max-video-preview:-1\" \/>\n<link rel=\"canonical\" href=\"https:\/\/www.mattheeuws.com\/nl\/vacatures\/\" \/>\n<meta property=\"og:locale\" content=\"de_DE\" \/>\n<meta property=\"og:type\" content=\"article\" \/>\n<meta property=\"og:title\" content=\"Jobs - Mattheeuws\" \/>\n<meta property=\"og:description\" content=\"[vc_row row_height_percent=&#8220;0&#8243; overlay_alpha=&#8220;50&#8243; gutter_size=&#8220;3&#8243; column_width_percent=&#8220;100&#8243; shift_y=&#8220;0&#8243; z_index=&#8220;0&#8243;][vc_column column_width_percent=&#8220;100&#8243; gutter_size=&#8220;2&#8243; overlay_alpha=&#8220;50&#8243; shift_x=&#8220;0&#8243; shift_y=&#8220;0&#8243; shift_y_down=&#8220;0&#8243; z_index=&#8220;0&#8243; medium_width=&#8220;0&#8243; mobile_width=&#8220;0&#8243; width=&#8220;2\/3&#8243; el_class=&#8220;first_block&#8220;][uncode_breadcrumbs separator=&#8220;triangle&#8220;][vc_column_text]Mattheeuws bietet [&hellip;]\" \/>\n<meta property=\"og:url\" content=\"https:\/\/www.mattheeuws.com\/nl\/vacatures\/\" \/>\n<meta property=\"og:site_name\" content=\"Mattheeuws\" \/>\n<meta property=\"article:modified_time\" content=\"2021-05-07T12:16:17+00:00\" \/>\n<meta property=\"og:image\" content=\"https:\/\/www.mattheeuws.com\/wp-content\/uploads\/2024\/08\/Mattheeuws_23\u00a9Hablar-219-scaled.jpg\" \/>\n\t<meta property=\"og:image:width\" content=\"2560\" \/>\n\t<meta property=\"og:image:height\" content=\"1707\" \/>\n\t<meta property=\"og:image:type\" content=\"image\/jpeg\" \/>\n<meta name=\"twitter:card\" content=\"summary_large_image\" \/>\n<meta name=\"twitter:label1\" content=\"Gesch\u00e4tzte Lesezeit\" \/>\n\t<meta name=\"twitter:data1\" content=\"1\u00a0Minute\" \/>\n<script type=\"application\/ld+json\" class=\"yoast-schema-graph\">{\"@context\":\"https:\/\/schema.org\",\"@graph\":[{\"@type\":\"WebPage\",\"@id\":\"https:\/\/www.mattheeuws.com\/nl\/vacatures\/\",\"url\":\"https:\/\/www.mattheeuws.com\/nl\/vacatures\/\",\"name\":\"Jobs - Mattheeuws\",\"isPartOf\":{\"@id\":\"https:\/\/www.mattheeuws.com\/nl\/#website\"},\"primaryImageOfPage\":{\"@id\":\"https:\/\/www.mattheeuws.com\/nl\/vacatures\/#primaryimage\"},\"image\":{\"@id\":\"https:\/\/www.mattheeuws.com\/nl\/vacatures\/#primaryimage\"},\"thumbnailUrl\":\"https:\/\/www.mattheeuws.com\/wp-content\/uploads\/2024\/08\/Mattheeuws_23\u00a9Hablar-219-scaled.jpg\",\"datePublished\":\"2021-01-24T12:55:42+00:00\",\"dateModified\":\"2021-05-07T12:16:17+00:00\",\"breadcrumb\":{\"@id\":\"https:\/\/www.mattheeuws.com\/nl\/vacatures\/#breadcrumb\"},\"inLanguage\":\"de\",\"potentialAction\":[{\"@type\":\"ReadAction\",\"target\":[\"https:\/\/www.mattheeuws.com\/nl\/vacatures\/\"]}]},{\"@type\":\"ImageObject\",\"inLanguage\":\"de\",\"@id\":\"https:\/\/www.mattheeuws.com\/nl\/vacatures\/#primaryimage\",\"url\":\"https:\/\/www.mattheeuws.com\/wp-content\/uploads\/2024\/08\/Mattheeuws_23\u00a9Hablar-219-scaled.jpg\",\"contentUrl\":\"https:\/\/www.mattheeuws.com\/wp-content\/uploads\/2024\/08\/Mattheeuws_23\u00a9Hablar-219-scaled.jpg\",\"width\":2560,\"height\":1707},{\"@type\":\"BreadcrumbList\",\"@id\":\"https:\/\/www.mattheeuws.com\/nl\/vacatures\/#breadcrumb\",\"itemListElement\":[{\"@type\":\"ListItem\",\"position\":1,\"name\":\"Home\",\"item\":\"https:\/\/www.mattheeuws.com\/de\/\"},{\"@type\":\"ListItem\",\"position\":2,\"name\":\"Jobs\"}]},{\"@type\":\"WebSite\",\"@id\":\"https:\/\/www.mattheeuws.com\/nl\/#website\",\"url\":\"https:\/\/www.mattheeuws.com\/nl\/\",\"name\":\"Mattheeuws\",\"description\":\"\",\"potentialAction\":[{\"@type\":\"SearchAction\",\"target\":{\"@type\":\"EntryPoint\",\"urlTemplate\":\"https:\/\/www.mattheeuws.com\/nl\/?s={search_term_string}\"},\"query-input\":{\"@type\":\"PropertyValueSpecification\",\"valueRequired\":true,\"valueName\":\"search_term_string\"}}],\"inLanguage\":\"de\"}]}<\/script>\n<!-- \/ Yoast SEO plugin. -->","yoast_head_json":{"title":"Jobs - Mattheeuws","robots":{"index":"index","follow":"follow","max-snippet":"max-snippet:-1","max-image-preview":"max-image-preview:large","max-video-preview":"max-video-preview:-1"},"canonical":"https:\/\/www.mattheeuws.com\/nl\/vacatures\/","og_locale":"de_DE","og_type":"article","og_title":"Jobs - Mattheeuws","og_description":"[vc_row row_height_percent=&#8220;0&#8243; overlay_alpha=&#8220;50&#8243; gutter_size=&#8220;3&#8243; column_width_percent=&#8220;100&#8243; shift_y=&#8220;0&#8243; z_index=&#8220;0&#8243;][vc_column column_width_percent=&#8220;100&#8243; gutter_size=&#8220;2&#8243; overlay_alpha=&#8220;50&#8243; shift_x=&#8220;0&#8243; shift_y=&#8220;0&#8243; shift_y_down=&#8220;0&#8243; z_index=&#8220;0&#8243; medium_width=&#8220;0&#8243; mobile_width=&#8220;0&#8243; width=&#8220;2\/3&#8243; el_class=&#8220;first_block&#8220;][uncode_breadcrumbs separator=&#8220;triangle&#8220;][vc_column_text]Mattheeuws bietet [&hellip;]","og_url":"https:\/\/www.mattheeuws.com\/nl\/vacatures\/","og_site_name":"Mattheeuws","article_modified_time":"2021-05-07T12:16:17+00:00","og_image":[{"width":2560,"height":1707,"url":"https:\/\/www.mattheeuws.com\/wp-content\/uploads\/2024\/08\/Mattheeuws_23\u00a9Hablar-219-scaled.jpg","type":"image\/jpeg"}],"twitter_card":"summary_large_image","twitter_misc":{"Gesch\u00e4tzte Lesezeit":"1\u00a0Minute"},"schema":{"@context":"https:\/\/schema.org","@graph":[{"@type":"WebPage","@id":"https:\/\/www.mattheeuws.com\/nl\/vacatures\/","url":"https:\/\/www.mattheeuws.com\/nl\/vacatures\/","name":"Jobs - Mattheeuws","isPartOf":{"@id":"https:\/\/www.mattheeuws.com\/nl\/#website"},"primaryImageOfPage":{"@id":"https:\/\/www.mattheeuws.com\/nl\/vacatures\/#primaryimage"},"image":{"@id":"https:\/\/www.mattheeuws.com\/nl\/vacatures\/#primaryimage"},"thumbnailUrl":"https:\/\/www.mattheeuws.com\/wp-content\/uploads\/2024\/08\/Mattheeuws_23\u00a9Hablar-219-scaled.jpg","datePublished":"2021-01-24T12:55:42+00:00","dateModified":"2021-05-07T12:16:17+00:00","breadcrumb":{"@id":"https:\/\/www.mattheeuws.com\/nl\/vacatures\/#breadcrumb"},"inLanguage":"de","potentialAction":[{"@type":"ReadAction","target":["https:\/\/www.mattheeuws.com\/nl\/vacatures\/"]}]},{"@type":"ImageObject","inLanguage":"de","@id":"https:\/\/www.mattheeuws.com\/nl\/vacatures\/#primaryimage","url":"https:\/\/www.mattheeuws.com\/wp-content\/uploads\/2024\/08\/Mattheeuws_23\u00a9Hablar-219-scaled.jpg","contentUrl":"https:\/\/www.mattheeuws.com\/wp-content\/uploads\/2024\/08\/Mattheeuws_23\u00a9Hablar-219-scaled.jpg","width":2560,"height":1707},{"@type":"BreadcrumbList","@id":"https:\/\/www.mattheeuws.com\/nl\/vacatures\/#breadcrumb","itemListElement":[{"@type":"ListItem","position":1,"name":"Home","item":"https:\/\/www.mattheeuws.com\/de\/"},{"@type":"ListItem","position":2,"name":"Jobs"}]},{"@type":"WebSite","@id":"https:\/\/www.mattheeuws.com\/nl\/#website","url":"https:\/\/www.mattheeuws.com\/nl\/","name":"Mattheeuws","description":"","potentialAction":[{"@type":"SearchAction","target":{"@type":"EntryPoint","urlTemplate":"https:\/\/www.mattheeuws.com\/nl\/?s={search_term_string}"},"query-input":{"@type":"PropertyValueSpecification","valueRequired":true,"valueName":"search_term_string"}}],"inLanguage":"de"}]}},"_links":{"self":[{"href":"https:\/\/www.mattheeuws.com\/de\/wp-json\/wp\/v2\/pages\/1666","targetHints":{"allow":["GET"]}}],"collection":[{"href":"https:\/\/www.mattheeuws.com\/de\/wp-json\/wp\/v2\/pages"}],"about":[{"href":"https:\/\/www.mattheeuws.com\/de\/wp-json\/wp\/v2\/types\/page"}],"author":[{"embeddable":true,"href":"https:\/\/www.mattheeuws.com\/de\/wp-json\/wp\/v2\/users\/4"}],"replies":[{"embeddable":true,"href":"https:\/\/www.mattheeuws.com\/de\/wp-json\/wp\/v2\/comments?post=1666"}],"version-history":[{"count":4,"href":"https:\/\/www.mattheeuws.com\/de\/wp-json\/wp\/v2\/pages\/1666\/revisions"}],"predecessor-version":[{"id":2512,"href":"https:\/\/www.mattheeuws.com\/de\/wp-json\/wp\/v2\/pages\/1666\/revisions\/2512"}],"wp:featuredmedia":[{"embeddable":true,"href":"https:\/\/www.mattheeuws.com\/de\/wp-json\/wp\/v2\/media\/3876"}],"wp:attachment":[{"href":"https:\/\/www.mattheeuws.com\/de\/wp-json\/wp\/v2\/media?parent=1666"}],"curies":[{"name":"wp","href":"https:\/\/api.w.org\/{rel}","templated":true}]}}