{"id":1848,"date":"2020-12-21T16:46:02","date_gmt":"2020-12-21T15:46:02","guid":{"rendered":"https:\/\/www.mattheeuws.com\/?page_id=1848"},"modified":"2021-05-18T16:39:18","modified_gmt":"2021-05-18T14:39:18","slug":"silotrichter","status":"publish","type":"page","link":"https:\/\/www.mattheeuws.com\/de\/transport\/silotrichter\/","title":{"rendered":"Silotrichter"},"content":{"rendered":"<p>[vc_row row_height_percent=&#8220;0&#8243; overlay_alpha=&#8220;50&#8243; gutter_size=&#8220;3&#8243; column_width_percent=&#8220;100&#8243; shift_y=&#8220;0&#8243; z_index=&#8220;0&#8243; css=&#8220;.vc_custom_1608722860489{padding-bottom: 50px !important;}&#8220;][vc_column column_width_percent=&#8220;100&#8243; gutter_size=&#8220;3&#8243; overlay_alpha=&#8220;50&#8243; shift_x=&#8220;0&#8243; shift_y=&#8220;0&#8243; shift_y_down=&#8220;0&#8243; z_index=&#8220;0&#8243; medium_width=&#8220;0&#8243; mobile_width=&#8220;0&#8243; width=&#8220;2\/3&#8243; el_class=&#8220;first_block&#8220;][uncode_breadcrumbs separator=&#8220;triangle&#8220;][vc_column_text]<\/p>\n<h2>Unsere Flotte von Silotrichteranh\u00e4ngern<\/h2>\n<p>Unsere Bulk-Hopper-Anh\u00e4nger haben eine Kapazit\u00e4t zwischen 35 m\u00b3 und 39 m\u00b3. Diese Anh\u00e4nger eignen sich besonders f\u00fcr pulverf\u00f6rmige Baumaterialien wie Zement, Kalk, F\u00fcllstoff, Kreide, Flugasche, Anhydrit usw. Die Anh\u00e4nger werden durch \u00d6ffnen eines oder mehrerer Magier oben am Sch\u00fcttgutwagen beladen. Oben sind alle Anh\u00e4nger mit einem hochklappbaren Gel\u00e4nder ausgestattet. Dies soll die Sicherheit der Personen auf der Masse w\u00e4hrend des Ladens so weit wie m\u00f6glich gew\u00e4hrleisten.<\/p>\n<p>Das Entladen erfolgt mittels den Luftdruck vom Kompressor auf dem LKW, so dass das Produkt durch mehrere Trichter am Boden des Anh\u00e4ngers zum Auslass am Heck flie\u00dft und dann in ein Silo geblasen werden kann. Da die Bauprodukte h\u00e4ufig ein hohes spezifisches Gewicht haben, reicht ein Sattelauflieger mit relativ geringem Volumen aus. Dies soll das Gewicht dieser Anh\u00e4nger so gering wie m\u00f6glich halten. Dar\u00fcber hinaus bestehen alle Transportmittel so weit wie m\u00f6glich aus hochwertigem Aluminium, so dass dies auch zur Begrenzung des Eigengewichts einer Sattelzugkombination beitr\u00e4gt, um so viel Produkt wie m\u00f6glich pro Sendung f\u00fcr unsere nehmen zu k\u00f6nnen Kunden, die bestm\u00f6gliche Rate.<\/p>\n<p>In unserem Unternehmen wird dem Entladevorgang gro\u00dfe Aufmerksamkeit geschenkt. Besonders erfolgreich sind unsere Bem\u00fchungen, zu verhindern, dass sich beim Entladen ein Schlauch l\u00f6st. Das T\u00e4tigkeitsfeld unserer Bulk-Hopper-Anh\u00e4nger ist haupts\u00e4chlich Deutschland, Belgien, Frankreich und die Niederlande[\/vc_column_text][vc_row_inner row_inner_height_percent=&#8220;0&#8243; overlay_alpha=&#8220;50&#8243; gutter_size=&#8220;3&#8243; shift_y=&#8220;0&#8243; z_index=&#8220;0&#8243; css=&#8220;.vc_custom_1608722687766{padding-top: 30px !important;padding-bottom: 30px !important;}&#8220; limit_content=&#8220;&#8220;][vc_column_inner column_width_percent=&#8220;100&#8243; gutter_size=&#8220;2&#8243; overlay_alpha=&#8220;50&#8243; shift_x=&#8220;0&#8243; shift_y=&#8220;0&#8243; shift_y_down=&#8220;0&#8243; z_index=&#8220;0&#8243; medium_width=&#8220;0&#8243; mobile_width=&#8220;0&#8243; width=&#8220;1\/1&#8243;][vc_column_text]<\/p>\n<h2>F\u00fcr den Transport von<\/h2>\n<p>[\/vc_column_text][vc_column_text]<\/p>\n<table>\n<thead>\n<tr>\n<th width=\"60\"><img decoding=\"async\" src=\"https:\/\/www.mattheeuws.com\/wp-content\/uploads\/2020\/12\/dierenvoeding-1.png\" alt=\"\" width=\"55\" height=\"55\" \/><\/th>\n<th>\n<h4>Tierfutter<\/h4>\n<p>Getreide \u2022 Samen \u2022 Tierfutter \u2022 Mehl \u2022 Malz \u2022 \u00c4pfel \u2022 Trauben \u2022 Kreide<\/th>\n<\/tr>\n<\/thead>\n<\/table>\n<hr class=\"scheidingslijn\" \/>\n<table>\n<thead>\n<tr>\n<th width=\"60\"><img decoding=\"async\" src=\"https:\/\/www.mattheeuws.com\/wp-content\/uploads\/2020\/12\/icon_2.png\" alt=\"\" width=\"55\" height=\"55\" \/><\/th>\n<th>\n<h4>Mineralien<\/h4>\n<p>Zuschlagstoffe \u2022 Ton \u2022 Sand \u2022 Salz \u2022 Vorschaltger\u00e4te \u2022 Kohle \u2022 Gips \u2022 Silikat \u2022 Feldspat \u2022 Quarz<\/th>\n<\/tr>\n<\/thead>\n<\/table>\n<hr class=\"scheidingslijn\" \/>\n<table>\n<thead>\n<tr>\n<th width=\"60\"><img decoding=\"async\" src=\"https:\/\/www.mattheeuws.com\/wp-content\/uploads\/2020\/12\/icon_3.png\" alt=\"\" width=\"55\" height=\"55\" \/><\/th>\n<th>\n<h4>Industrie &amp; Chemie<\/h4>\n<p>Zement \u2022 Kunststoffe \u2022 Glas \u2022 Celluloseacetat \u2022 Kalk \u2022 Aktivkohle \u2022 D\u00fcngemittel<\/th>\n<\/tr>\n<\/thead>\n<\/table>\n<p>[\/vc_column_text][\/vc_column_inner][\/vc_row_inner][vc_row_inner row_inner_height_percent=&#8220;0&#8243; back_color=&#8220;color-737473&#8243; overlay_alpha=&#8220;50&#8243; gutter_size=&#8220;3&#8243; shift_y=&#8220;0&#8243; z_index=&#8220;0&#8243; css=&#8220;.vc_custom_1609084561933{margin-top: 30px !important;padding-top: 20px !important;padding-bottom: 20px !important;}&#8220; limit_content=&#8220;&#8220;][vc_column_inner column_width_percent=&#8220;100&#8243; position_vertical=&#8220;middle&#8220; align_horizontal=&#8220;align_center&#8220; gutter_size=&#8220;0&#8243; overlay_alpha=&#8220;50&#8243; shift_x=&#8220;0&#8243; shift_y=&#8220;0&#8243; shift_y_down=&#8220;0&#8243; z_index=&#8220;0&#8243; medium_width=&#8220;0&#8243; mobile_width=&#8220;0&#8243; width=&#8220;5\/12&#8243;][vc_single_image media=&#8220;1116&#8243; media_width_use_pixel=&#8220;yes&#8220; alignment=&#8220;center&#8220; media_width_pixel=&#8220;200&#8243;][\/vc_column_inner][vc_column_inner column_width_percent=&#8220;100&#8243; gutter_size=&#8220;2&#8243; override_padding=&#8220;yes&#8220; column_padding=&#8220;0&#8243; overlay_alpha=&#8220;50&#8243; border_color=&#8220;color-540606&#8243; border_style=&#8220;solid&#8220; shift_x=&#8220;0&#8243; shift_y=&#8220;0&#8243; shift_y_down=&#8220;0&#8243; z_index=&#8220;0&#8243; medium_width=&#8220;0&#8243; mobile_width=&#8220;0&#8243; width=&#8220;7\/12&#8243; css=&#8220;.vc_custom_1609084711221{border-left-width: 1px !important;padding-left: 20px !important;}&#8220;][vc_column_text]<\/p>\n<h2>Technische information<\/h2>\n<p>[\/vc_column_text][uncode_list icon=&#8220;fa fa-circle-check&#8220; icon_color=&#8220;accent&#8220;]<\/p>\n<ul>\n<li>Volumen: 35 m\u00b3 &#8211; 39 m\u00b3<\/li>\n<li>Nutzlast: 27 &#8211; 31 Tonnen<\/li>\n<\/ul>\n<p>[\/uncode_list][\/vc_column_inner][\/vc_row_inner][\/vc_column][vc_column column_width_percent=&#8220;100&#8243; gutter_size=&#8220;3&#8243; overlay_alpha=&#8220;50&#8243; shift_x=&#8220;0&#8243; shift_y=&#8220;0&#8243; shift_y_down=&#8220;0&#8243; z_index=&#8220;0&#8243; medium_width=&#8220;0&#8243; mobile_width=&#8220;0&#8243; width=&#8220;1\/3&#8243; el_class=&#8220;sidebar&#8220;][uncode_block id=&#8220;2635&#8243; inside_column=&#8220;yes&#8220;][\/vc_column][\/vc_row]<\/p>\n","protected":false},"excerpt":{"rendered":"<p>[vc_row row_height_percent=&#8220;0&#8243; overlay_alpha=&#8220;50&#8243; gutter_size=&#8220;3&#8243; column_width_percent=&#8220;100&#8243; shift_y=&#8220;0&#8243; z_index=&#8220;0&#8243; css=&#8220;.vc_custom_1608722860489{padding-bottom: 50px !important;}&#8220;][vc_column column_width_percent=&#8220;100&#8243; gutter_size=&#8220;3&#8243; overlay_alpha=&#8220;50&#8243; shift_x=&#8220;0&#8243; shift_y=&#8220;0&#8243; shift_y_down=&#8220;0&#8243; z_index=&#8220;0&#8243; medium_width=&#8220;0&#8243; mobile_width=&#8220;0&#8243; width=&#8220;2\/3&#8243; [&hellip;]<\/p>\n","protected":false},"author":1,"featured_media":3321,"parent":1590,"menu_order":0,"comment_status":"closed","ping_status":"closed","template":"","meta":{"footnotes":""},"class_list":["post-1848","page","type-page","status-publish","has-post-thumbnail","hentry"],"yoast_head":"<!-- This site is optimized with the Yoast SEO plugin v27.0 - https:\/\/yoast.com\/product\/yoast-seo-wordpress\/ -->\n<title>Silotrichter - Mattheeuws<\/title>\n<meta name=\"robots\" content=\"index, follow, max-snippet:-1, max-image-preview:large, max-video-preview:-1\" \/>\n<link rel=\"canonical\" href=\"https:\/\/www.mattheeuws.com\/de\/transport\/silotrichter\/\" \/>\n<meta property=\"og:locale\" content=\"de_DE\" \/>\n<meta property=\"og:type\" content=\"article\" \/>\n<meta property=\"og:title\" content=\"Silotrichter - Mattheeuws\" \/>\n<meta property=\"og:description\" content=\"[vc_row row_height_percent=&#8220;0&#8243; overlay_alpha=&#8220;50&#8243; gutter_size=&#8220;3&#8243; column_width_percent=&#8220;100&#8243; shift_y=&#8220;0&#8243; z_index=&#8220;0&#8243; css=&#8220;.vc_custom_1608722860489{padding-bottom: 50px !important;}&#8220;][vc_column column_width_percent=&#8220;100&#8243; gutter_size=&#8220;3&#8243; overlay_alpha=&#8220;50&#8243; shift_x=&#8220;0&#8243; shift_y=&#8220;0&#8243; shift_y_down=&#8220;0&#8243; z_index=&#8220;0&#8243; medium_width=&#8220;0&#8243; mobile_width=&#8220;0&#8243; width=&#8220;2\/3&#8243; [&hellip;]\" \/>\n<meta property=\"og:url\" content=\"https:\/\/www.mattheeuws.com\/de\/transport\/silotrichter\/\" \/>\n<meta property=\"og:site_name\" content=\"Mattheeuws\" \/>\n<meta property=\"article:modified_time\" content=\"2021-05-18T14:39:18+00:00\" \/>\n<meta property=\"og:image\" content=\"https:\/\/www.mattheeuws.com\/wp-content\/uploads\/2024\/07\/Mattheeuws_23\u00a9Hablar-29-scaled-e1721038205630.jpg\" \/>\n\t<meta property=\"og:image:width\" content=\"2560\" \/>\n\t<meta property=\"og:image:height\" content=\"1707\" \/>\n\t<meta property=\"og:image:type\" content=\"image\/jpeg\" \/>\n<meta name=\"twitter:card\" content=\"summary_large_image\" \/>\n<meta name=\"twitter:label1\" content=\"Gesch\u00e4tzte Lesezeit\" \/>\n\t<meta name=\"twitter:data1\" content=\"3\u00a0Minuten\" \/>\n<script type=\"application\/ld+json\" class=\"yoast-schema-graph\">{\"@context\":\"https:\/\/schema.org\",\"@graph\":[{\"@type\":\"WebPage\",\"@id\":\"https:\/\/www.mattheeuws.com\/de\/transport\/silotrichter\/\",\"url\":\"https:\/\/www.mattheeuws.com\/de\/transport\/silotrichter\/\",\"name\":\"Silotrichter - Mattheeuws\",\"isPartOf\":{\"@id\":\"https:\/\/www.mattheeuws.com\/nl\/#website\"},\"primaryImageOfPage\":{\"@id\":\"https:\/\/www.mattheeuws.com\/de\/transport\/silotrichter\/#primaryimage\"},\"image\":{\"@id\":\"https:\/\/www.mattheeuws.com\/de\/transport\/silotrichter\/#primaryimage\"},\"thumbnailUrl\":\"https:\/\/www.mattheeuws.com\/wp-content\/uploads\/2024\/07\/Mattheeuws_23\u00a9Hablar-29-scaled-e1721038205630.jpg\",\"datePublished\":\"2020-12-21T15:46:02+00:00\",\"dateModified\":\"2021-05-18T14:39:18+00:00\",\"breadcrumb\":{\"@id\":\"https:\/\/www.mattheeuws.com\/de\/transport\/silotrichter\/#breadcrumb\"},\"inLanguage\":\"de\",\"potentialAction\":[{\"@type\":\"ReadAction\",\"target\":[\"https:\/\/www.mattheeuws.com\/de\/transport\/silotrichter\/\"]}]},{\"@type\":\"ImageObject\",\"inLanguage\":\"de\",\"@id\":\"https:\/\/www.mattheeuws.com\/de\/transport\/silotrichter\/#primaryimage\",\"url\":\"https:\/\/www.mattheeuws.com\/wp-content\/uploads\/2024\/07\/Mattheeuws_23\u00a9Hablar-29-scaled-e1721038205630.jpg\",\"contentUrl\":\"https:\/\/www.mattheeuws.com\/wp-content\/uploads\/2024\/07\/Mattheeuws_23\u00a9Hablar-29-scaled-e1721038205630.jpg\",\"width\":2560,\"height\":1707},{\"@type\":\"BreadcrumbList\",\"@id\":\"https:\/\/www.mattheeuws.com\/de\/transport\/silotrichter\/#breadcrumb\",\"itemListElement\":[{\"@type\":\"ListItem\",\"position\":1,\"name\":\"Home\",\"item\":\"https:\/\/www.mattheeuws.com\/de\/\"},{\"@type\":\"ListItem\",\"position\":2,\"name\":\"Transport\",\"item\":\"https:\/\/www.mattheeuws.com\/de\/transport\/\"},{\"@type\":\"ListItem\",\"position\":3,\"name\":\"Silotrichter\"}]},{\"@type\":\"WebSite\",\"@id\":\"https:\/\/www.mattheeuws.com\/nl\/#website\",\"url\":\"https:\/\/www.mattheeuws.com\/nl\/\",\"name\":\"Mattheeuws\",\"description\":\"\",\"potentialAction\":[{\"@type\":\"SearchAction\",\"target\":{\"@type\":\"EntryPoint\",\"urlTemplate\":\"https:\/\/www.mattheeuws.com\/nl\/?s={search_term_string}\"},\"query-input\":{\"@type\":\"PropertyValueSpecification\",\"valueRequired\":true,\"valueName\":\"search_term_string\"}}],\"inLanguage\":\"de\"}]}<\/script>\n<!-- \/ Yoast SEO plugin. -->","yoast_head_json":{"title":"Silotrichter - Mattheeuws","robots":{"index":"index","follow":"follow","max-snippet":"max-snippet:-1","max-image-preview":"max-image-preview:large","max-video-preview":"max-video-preview:-1"},"canonical":"https:\/\/www.mattheeuws.com\/de\/transport\/silotrichter\/","og_locale":"de_DE","og_type":"article","og_title":"Silotrichter - Mattheeuws","og_description":"[vc_row row_height_percent=&#8220;0&#8243; overlay_alpha=&#8220;50&#8243; gutter_size=&#8220;3&#8243; column_width_percent=&#8220;100&#8243; shift_y=&#8220;0&#8243; z_index=&#8220;0&#8243; css=&#8220;.vc_custom_1608722860489{padding-bottom: 50px !important;}&#8220;][vc_column column_width_percent=&#8220;100&#8243; gutter_size=&#8220;3&#8243; overlay_alpha=&#8220;50&#8243; shift_x=&#8220;0&#8243; shift_y=&#8220;0&#8243; shift_y_down=&#8220;0&#8243; z_index=&#8220;0&#8243; medium_width=&#8220;0&#8243; mobile_width=&#8220;0&#8243; width=&#8220;2\/3&#8243; [&hellip;]","og_url":"https:\/\/www.mattheeuws.com\/de\/transport\/silotrichter\/","og_site_name":"Mattheeuws","article_modified_time":"2021-05-18T14:39:18+00:00","og_image":[{"width":2560,"height":1707,"url":"https:\/\/www.mattheeuws.com\/wp-content\/uploads\/2024\/07\/Mattheeuws_23\u00a9Hablar-29-scaled-e1721038205630.jpg","type":"image\/jpeg"}],"twitter_card":"summary_large_image","twitter_misc":{"Gesch\u00e4tzte Lesezeit":"3\u00a0Minuten"},"schema":{"@context":"https:\/\/schema.org","@graph":[{"@type":"WebPage","@id":"https:\/\/www.mattheeuws.com\/de\/transport\/silotrichter\/","url":"https:\/\/www.mattheeuws.com\/de\/transport\/silotrichter\/","name":"Silotrichter - Mattheeuws","isPartOf":{"@id":"https:\/\/www.mattheeuws.com\/nl\/#website"},"primaryImageOfPage":{"@id":"https:\/\/www.mattheeuws.com\/de\/transport\/silotrichter\/#primaryimage"},"image":{"@id":"https:\/\/www.mattheeuws.com\/de\/transport\/silotrichter\/#primaryimage"},"thumbnailUrl":"https:\/\/www.mattheeuws.com\/wp-content\/uploads\/2024\/07\/Mattheeuws_23\u00a9Hablar-29-scaled-e1721038205630.jpg","datePublished":"2020-12-21T15:46:02+00:00","dateModified":"2021-05-18T14:39:18+00:00","breadcrumb":{"@id":"https:\/\/www.mattheeuws.com\/de\/transport\/silotrichter\/#breadcrumb"},"inLanguage":"de","potentialAction":[{"@type":"ReadAction","target":["https:\/\/www.mattheeuws.com\/de\/transport\/silotrichter\/"]}]},{"@type":"ImageObject","inLanguage":"de","@id":"https:\/\/www.mattheeuws.com\/de\/transport\/silotrichter\/#primaryimage","url":"https:\/\/www.mattheeuws.com\/wp-content\/uploads\/2024\/07\/Mattheeuws_23\u00a9Hablar-29-scaled-e1721038205630.jpg","contentUrl":"https:\/\/www.mattheeuws.com\/wp-content\/uploads\/2024\/07\/Mattheeuws_23\u00a9Hablar-29-scaled-e1721038205630.jpg","width":2560,"height":1707},{"@type":"BreadcrumbList","@id":"https:\/\/www.mattheeuws.com\/de\/transport\/silotrichter\/#breadcrumb","itemListElement":[{"@type":"ListItem","position":1,"name":"Home","item":"https:\/\/www.mattheeuws.com\/de\/"},{"@type":"ListItem","position":2,"name":"Transport","item":"https:\/\/www.mattheeuws.com\/de\/transport\/"},{"@type":"ListItem","position":3,"name":"Silotrichter"}]},{"@type":"WebSite","@id":"https:\/\/www.mattheeuws.com\/nl\/#website","url":"https:\/\/www.mattheeuws.com\/nl\/","name":"Mattheeuws","description":"","potentialAction":[{"@type":"SearchAction","target":{"@type":"EntryPoint","urlTemplate":"https:\/\/www.mattheeuws.com\/nl\/?s={search_term_string}"},"query-input":{"@type":"PropertyValueSpecification","valueRequired":true,"valueName":"search_term_string"}}],"inLanguage":"de"}]}},"_links":{"self":[{"href":"https:\/\/www.mattheeuws.com\/de\/wp-json\/wp\/v2\/pages\/1848","targetHints":{"allow":["GET"]}}],"collection":[{"href":"https:\/\/www.mattheeuws.com\/de\/wp-json\/wp\/v2\/pages"}],"about":[{"href":"https:\/\/www.mattheeuws.com\/de\/wp-json\/wp\/v2\/types\/page"}],"author":[{"embeddable":true,"href":"https:\/\/www.mattheeuws.com\/de\/wp-json\/wp\/v2\/users\/1"}],"replies":[{"embeddable":true,"href":"https:\/\/www.mattheeuws.com\/de\/wp-json\/wp\/v2\/comments?post=1848"}],"version-history":[{"count":8,"href":"https:\/\/www.mattheeuws.com\/de\/wp-json\/wp\/v2\/pages\/1848\/revisions"}],"predecessor-version":[{"id":2732,"href":"https:\/\/www.mattheeuws.com\/de\/wp-json\/wp\/v2\/pages\/1848\/revisions\/2732"}],"up":[{"embeddable":true,"href":"https:\/\/www.mattheeuws.com\/de\/wp-json\/wp\/v2\/pages\/1590"}],"wp:featuredmedia":[{"embeddable":true,"href":"https:\/\/www.mattheeuws.com\/de\/wp-json\/wp\/v2\/media\/3321"}],"wp:attachment":[{"href":"https:\/\/www.mattheeuws.com\/de\/wp-json\/wp\/v2\/media?parent=1848"}],"curies":[{"name":"wp","href":"https:\/\/api.w.org\/{rel}","templated":true}]}}