{"id":1862,"date":"2020-12-21T16:46:11","date_gmt":"2020-12-21T15:46:11","guid":{"rendered":"https:\/\/www.mattheeuws.com\/?page_id=1862"},"modified":"2021-07-06T15:27:03","modified_gmt":"2021-07-06T13:27:03","slug":"krafstofftransport","status":"publish","type":"page","link":"https:\/\/www.mattheeuws.com\/de\/transport\/krafstofftransport\/","title":{"rendered":"Krafstofftransport"},"content":{"rendered":"<p>[vc_row row_height_percent=&#8220;0&#8243; overlay_alpha=&#8220;50&#8243; gutter_size=&#8220;3&#8243; column_width_percent=&#8220;100&#8243; shift_y=&#8220;0&#8243; z_index=&#8220;0&#8243; css=&#8220;.vc_custom_1608722860489{padding-bottom: 50px !important;}&#8220;][vc_column column_width_percent=&#8220;100&#8243; gutter_size=&#8220;3&#8243; overlay_alpha=&#8220;50&#8243; shift_x=&#8220;0&#8243; shift_y=&#8220;0&#8243; shift_y_down=&#8220;0&#8243; z_index=&#8220;0&#8243; medium_width=&#8220;0&#8243; mobile_width=&#8220;0&#8243; width=&#8220;2\/3&#8243; el_class=&#8220;first_block&#8220;][uncode_breadcrumbs separator=&#8220;triangle&#8220;][vc_column_text]<\/p>\n<h2>Unsere Tankerflotte<\/h2>\n<p>Mattheeuws hat auch eine Reihe von Tankern. Diese arbeiten f\u00fcr eine Reihe gro\u00dfer internationaler \u00d6lunternehmen von ihren Depots bis zu unseren Pumpstationen. Hierf\u00fcr wird nur die sicherste, innovativste und modernste Ausr\u00fcstung verwendet.<\/p>\n<p>Unsere Fahrer sind begeisterte Perfektionisten, die sich darauf konzentrieren, ihre pers\u00f6nlichen Talente sowohl im Betrieb als auch in der Sicherheit zu entwickeln. Unsere Fahrer wurden f\u00fcr den ADR-Transport geschult[\/vc_column_text][vc_row_inner row_inner_height_percent=&#8220;0&#8243; overlay_alpha=&#8220;50&#8243; gutter_size=&#8220;3&#8243; shift_y=&#8220;0&#8243; z_index=&#8220;0&#8243; css=&#8220;.vc_custom_1608722687766{padding-top: 30px !important;padding-bottom: 30px !important;}&#8220; limit_content=&#8220;&#8220;][vc_column_inner column_width_percent=&#8220;100&#8243; gutter_size=&#8220;2&#8243; overlay_alpha=&#8220;50&#8243; shift_x=&#8220;0&#8243; shift_y=&#8220;0&#8243; shift_y_down=&#8220;0&#8243; z_index=&#8220;0&#8243; medium_width=&#8220;0&#8243; mobile_width=&#8220;0&#8243; width=&#8220;1\/1&#8243;][vc_column_text]<\/p>\n<h2>F\u00fcr den Transport von<\/h2>\n<p>[\/vc_column_text][vc_column_text]<\/p>\n<table>\n<thead>\n<tr>\n<th width=\"60\"><span style=\"font-weight: 400;\"><img decoding=\"async\" src=\"https:\/\/www.mattheeuws.com\/wp-content\/uploads\/2020\/12\/fuel.png\" alt=\"\" width=\"55\" height=\"55\" \/><\/span><\/th>\n<th>\n<h4>Treibstoff<\/h4>\n<p>Diesel \u2022 Benzin \u2022 Adblue \u2022 LNG<span style=\"font-weight: 400;\">\u00a0<\/span><\/th>\n<\/tr>\n<\/thead>\n<\/table>\n<p>[\/vc_column_text][\/vc_column_inner][\/vc_row_inner][vc_row_inner row_inner_height_percent=&#8220;0&#8243; back_color=&#8220;color-737473&#8243; overlay_alpha=&#8220;50&#8243; gutter_size=&#8220;3&#8243; shift_y=&#8220;0&#8243; z_index=&#8220;0&#8243; css=&#8220;.vc_custom_1609084561933{margin-top: 30px !important;padding-top: 20px !important;padding-bottom: 20px !important;}&#8220; limit_content=&#8220;&#8220;][vc_column_inner column_width_percent=&#8220;100&#8243; position_vertical=&#8220;middle&#8220; align_horizontal=&#8220;align_center&#8220; gutter_size=&#8220;0&#8243; overlay_alpha=&#8220;50&#8243; shift_x=&#8220;0&#8243; shift_y=&#8220;0&#8243; shift_y_down=&#8220;0&#8243; z_index=&#8220;0&#8243; medium_width=&#8220;0&#8243; mobile_width=&#8220;0&#8243; width=&#8220;5\/12&#8243;][vc_single_image media=&#8220;1125&#8243; media_width_use_pixel=&#8220;yes&#8220; alignment=&#8220;center&#8220; media_width_pixel=&#8220;200&#8243;][\/vc_column_inner][vc_column_inner column_width_percent=&#8220;100&#8243; gutter_size=&#8220;2&#8243; override_padding=&#8220;yes&#8220; column_padding=&#8220;0&#8243; overlay_alpha=&#8220;50&#8243; border_color=&#8220;color-540606&#8243; border_style=&#8220;solid&#8220; shift_x=&#8220;0&#8243; shift_y=&#8220;0&#8243; shift_y_down=&#8220;0&#8243; z_index=&#8220;0&#8243; medium_width=&#8220;0&#8243; mobile_width=&#8220;0&#8243; width=&#8220;7\/12&#8243; css=&#8220;.vc_custom_1609084711221{border-left-width: 1px !important;padding-left: 20px !important;}&#8220;][vc_column_text]<\/p>\n<h2>Technische information<\/h2>\n<p>[\/vc_column_text][uncode_list icon=&#8220;fa fa-circle-check&#8220; icon_color=&#8220;accent&#8220;]<\/p>\n<ul>\n<li>Fracht: Diesel, Benzin, AdBlue, LNG<\/li>\n<li>Inhalt Diesel \/ Benzin: 37\u00a0000 L<\/li>\n<li>Inhalt AdBlue: 26\u00a0000 L<\/li>\n<li>Inhalt LNG: 23\u00a0200\u00a0kg<\/li>\n<li>4 Tankwagen Diesel \/ Benzin<\/li>\n<li>2 Tankwagen LNG<\/li>\n<li>1 Tankwagen AdBlue<\/li>\n<\/ul>\n<p>[\/uncode_list][\/vc_column_inner][\/vc_row_inner][\/vc_column][vc_column column_width_percent=&#8220;100&#8243; gutter_size=&#8220;3&#8243; overlay_alpha=&#8220;50&#8243; shift_x=&#8220;0&#8243; shift_y=&#8220;0&#8243; shift_y_down=&#8220;0&#8243; z_index=&#8220;0&#8243; medium_width=&#8220;0&#8243; mobile_width=&#8220;0&#8243; width=&#8220;1\/3&#8243; el_class=&#8220;sidebar&#8220;][uncode_block id=&#8220;623&#8243; inside_column=&#8220;yes&#8220;][\/vc_column][\/vc_row]<\/p>\n","protected":false},"excerpt":{"rendered":"<p>[vc_row row_height_percent=&#8220;0&#8243; overlay_alpha=&#8220;50&#8243; gutter_size=&#8220;3&#8243; column_width_percent=&#8220;100&#8243; shift_y=&#8220;0&#8243; z_index=&#8220;0&#8243; css=&#8220;.vc_custom_1608722860489{padding-bottom: 50px !important;}&#8220;][vc_column column_width_percent=&#8220;100&#8243; gutter_size=&#8220;3&#8243; overlay_alpha=&#8220;50&#8243; shift_x=&#8220;0&#8243; shift_y=&#8220;0&#8243; shift_y_down=&#8220;0&#8243; z_index=&#8220;0&#8243; medium_width=&#8220;0&#8243; mobile_width=&#8220;0&#8243; width=&#8220;2\/3&#8243; [&hellip;]<\/p>\n","protected":false},"author":1,"featured_media":4140,"parent":1590,"menu_order":0,"comment_status":"closed","ping_status":"closed","template":"","meta":{"footnotes":""},"class_list":["post-1862","page","type-page","status-publish","has-post-thumbnail","hentry"],"yoast_head":"<!-- This site is optimized with the Yoast SEO plugin v27.0 - https:\/\/yoast.com\/product\/yoast-seo-wordpress\/ -->\n<title>Krafstofftransport - Mattheeuws<\/title>\n<meta name=\"robots\" content=\"index, follow, max-snippet:-1, max-image-preview:large, max-video-preview:-1\" \/>\n<link rel=\"canonical\" href=\"https:\/\/www.mattheeuws.com\/nl\/transport\/fuel-transport\/\" \/>\n<meta property=\"og:locale\" content=\"de_DE\" \/>\n<meta property=\"og:type\" content=\"article\" \/>\n<meta property=\"og:title\" content=\"Krafstofftransport - Mattheeuws\" \/>\n<meta property=\"og:description\" content=\"[vc_row row_height_percent=&#8220;0&#8243; overlay_alpha=&#8220;50&#8243; gutter_size=&#8220;3&#8243; column_width_percent=&#8220;100&#8243; shift_y=&#8220;0&#8243; z_index=&#8220;0&#8243; css=&#8220;.vc_custom_1608722860489{padding-bottom: 50px !important;}&#8220;][vc_column column_width_percent=&#8220;100&#8243; gutter_size=&#8220;3&#8243; overlay_alpha=&#8220;50&#8243; shift_x=&#8220;0&#8243; shift_y=&#8220;0&#8243; shift_y_down=&#8220;0&#8243; z_index=&#8220;0&#8243; medium_width=&#8220;0&#8243; mobile_width=&#8220;0&#8243; width=&#8220;2\/3&#8243; [&hellip;]\" \/>\n<meta property=\"og:url\" content=\"https:\/\/www.mattheeuws.com\/nl\/transport\/fuel-transport\/\" \/>\n<meta property=\"og:site_name\" content=\"Mattheeuws\" \/>\n<meta property=\"article:modified_time\" content=\"2021-07-06T13:27:03+00:00\" \/>\n<meta property=\"og:image\" content=\"https:\/\/www.mattheeuws.com\/wp-content\/uploads\/2024\/07\/Mattheeuws_23\u00a9Hablar-290-1-scaled-e1733153667719.jpg\" \/>\n\t<meta property=\"og:image:width\" content=\"2560\" \/>\n\t<meta property=\"og:image:height\" content=\"1707\" \/>\n\t<meta property=\"og:image:type\" content=\"image\/jpeg\" \/>\n<meta name=\"twitter:card\" content=\"summary_large_image\" \/>\n<meta name=\"twitter:label1\" content=\"Gesch\u00e4tzte Lesezeit\" \/>\n\t<meta name=\"twitter:data1\" content=\"2\u00a0Minuten\" \/>\n<script type=\"application\/ld+json\" class=\"yoast-schema-graph\">{\"@context\":\"https:\/\/schema.org\",\"@graph\":[{\"@type\":\"WebPage\",\"@id\":\"https:\/\/www.mattheeuws.com\/nl\/transport\/fuel-transport\/\",\"url\":\"https:\/\/www.mattheeuws.com\/nl\/transport\/fuel-transport\/\",\"name\":\"Krafstofftransport - Mattheeuws\",\"isPartOf\":{\"@id\":\"https:\/\/www.mattheeuws.com\/nl\/#website\"},\"primaryImageOfPage\":{\"@id\":\"https:\/\/www.mattheeuws.com\/nl\/transport\/fuel-transport\/#primaryimage\"},\"image\":{\"@id\":\"https:\/\/www.mattheeuws.com\/nl\/transport\/fuel-transport\/#primaryimage\"},\"thumbnailUrl\":\"https:\/\/www.mattheeuws.com\/wp-content\/uploads\/2025\/09\/mattheeuws_0019_MATTHEEUWStransport_maart25\u00a9HABLAR-30.jpg\",\"datePublished\":\"2020-12-21T15:46:11+00:00\",\"dateModified\":\"2021-07-06T13:27:03+00:00\",\"breadcrumb\":{\"@id\":\"https:\/\/www.mattheeuws.com\/nl\/transport\/fuel-transport\/#breadcrumb\"},\"inLanguage\":\"de\",\"potentialAction\":[{\"@type\":\"ReadAction\",\"target\":[\"https:\/\/www.mattheeuws.com\/nl\/transport\/fuel-transport\/\"]}]},{\"@type\":\"ImageObject\",\"inLanguage\":\"de\",\"@id\":\"https:\/\/www.mattheeuws.com\/nl\/transport\/fuel-transport\/#primaryimage\",\"url\":\"https:\/\/www.mattheeuws.com\/wp-content\/uploads\/2025\/09\/mattheeuws_0019_MATTHEEUWStransport_maart25\u00a9HABLAR-30.jpg\",\"contentUrl\":\"https:\/\/www.mattheeuws.com\/wp-content\/uploads\/2025\/09\/mattheeuws_0019_MATTHEEUWStransport_maart25\u00a9HABLAR-30.jpg\",\"width\":2000,\"height\":1002,\"caption\":\"Screenshot\"},{\"@type\":\"BreadcrumbList\",\"@id\":\"https:\/\/www.mattheeuws.com\/nl\/transport\/fuel-transport\/#breadcrumb\",\"itemListElement\":[{\"@type\":\"ListItem\",\"position\":1,\"name\":\"Home\",\"item\":\"https:\/\/www.mattheeuws.com\/de\/\"},{\"@type\":\"ListItem\",\"position\":2,\"name\":\"Transport\",\"item\":\"https:\/\/www.mattheeuws.com\/de\/transport\/\"},{\"@type\":\"ListItem\",\"position\":3,\"name\":\"Krafstofftransport\"}]},{\"@type\":\"WebSite\",\"@id\":\"https:\/\/www.mattheeuws.com\/nl\/#website\",\"url\":\"https:\/\/www.mattheeuws.com\/nl\/\",\"name\":\"Mattheeuws\",\"description\":\"\",\"potentialAction\":[{\"@type\":\"SearchAction\",\"target\":{\"@type\":\"EntryPoint\",\"urlTemplate\":\"https:\/\/www.mattheeuws.com\/nl\/?s={search_term_string}\"},\"query-input\":{\"@type\":\"PropertyValueSpecification\",\"valueRequired\":true,\"valueName\":\"search_term_string\"}}],\"inLanguage\":\"de\"}]}<\/script>\n<!-- \/ Yoast SEO plugin. -->","yoast_head_json":{"title":"Krafstofftransport - Mattheeuws","robots":{"index":"index","follow":"follow","max-snippet":"max-snippet:-1","max-image-preview":"max-image-preview:large","max-video-preview":"max-video-preview:-1"},"canonical":"https:\/\/www.mattheeuws.com\/nl\/transport\/fuel-transport\/","og_locale":"de_DE","og_type":"article","og_title":"Krafstofftransport - Mattheeuws","og_description":"[vc_row row_height_percent=&#8220;0&#8243; overlay_alpha=&#8220;50&#8243; gutter_size=&#8220;3&#8243; column_width_percent=&#8220;100&#8243; shift_y=&#8220;0&#8243; z_index=&#8220;0&#8243; css=&#8220;.vc_custom_1608722860489{padding-bottom: 50px !important;}&#8220;][vc_column column_width_percent=&#8220;100&#8243; gutter_size=&#8220;3&#8243; overlay_alpha=&#8220;50&#8243; shift_x=&#8220;0&#8243; shift_y=&#8220;0&#8243; shift_y_down=&#8220;0&#8243; z_index=&#8220;0&#8243; medium_width=&#8220;0&#8243; mobile_width=&#8220;0&#8243; width=&#8220;2\/3&#8243; [&hellip;]","og_url":"https:\/\/www.mattheeuws.com\/nl\/transport\/fuel-transport\/","og_site_name":"Mattheeuws","article_modified_time":"2021-07-06T13:27:03+00:00","og_image":[{"width":2560,"height":1707,"url":"https:\/\/www.mattheeuws.com\/wp-content\/uploads\/2024\/07\/Mattheeuws_23\u00a9Hablar-290-1-scaled-e1733153667719.jpg","type":"image\/jpeg"}],"twitter_card":"summary_large_image","twitter_misc":{"Gesch\u00e4tzte Lesezeit":"2\u00a0Minuten"},"schema":{"@context":"https:\/\/schema.org","@graph":[{"@type":"WebPage","@id":"https:\/\/www.mattheeuws.com\/nl\/transport\/fuel-transport\/","url":"https:\/\/www.mattheeuws.com\/nl\/transport\/fuel-transport\/","name":"Krafstofftransport - Mattheeuws","isPartOf":{"@id":"https:\/\/www.mattheeuws.com\/nl\/#website"},"primaryImageOfPage":{"@id":"https:\/\/www.mattheeuws.com\/nl\/transport\/fuel-transport\/#primaryimage"},"image":{"@id":"https:\/\/www.mattheeuws.com\/nl\/transport\/fuel-transport\/#primaryimage"},"thumbnailUrl":"https:\/\/www.mattheeuws.com\/wp-content\/uploads\/2025\/09\/mattheeuws_0019_MATTHEEUWStransport_maart25\u00a9HABLAR-30.jpg","datePublished":"2020-12-21T15:46:11+00:00","dateModified":"2021-07-06T13:27:03+00:00","breadcrumb":{"@id":"https:\/\/www.mattheeuws.com\/nl\/transport\/fuel-transport\/#breadcrumb"},"inLanguage":"de","potentialAction":[{"@type":"ReadAction","target":["https:\/\/www.mattheeuws.com\/nl\/transport\/fuel-transport\/"]}]},{"@type":"ImageObject","inLanguage":"de","@id":"https:\/\/www.mattheeuws.com\/nl\/transport\/fuel-transport\/#primaryimage","url":"https:\/\/www.mattheeuws.com\/wp-content\/uploads\/2025\/09\/mattheeuws_0019_MATTHEEUWStransport_maart25\u00a9HABLAR-30.jpg","contentUrl":"https:\/\/www.mattheeuws.com\/wp-content\/uploads\/2025\/09\/mattheeuws_0019_MATTHEEUWStransport_maart25\u00a9HABLAR-30.jpg","width":2000,"height":1002,"caption":"Screenshot"},{"@type":"BreadcrumbList","@id":"https:\/\/www.mattheeuws.com\/nl\/transport\/fuel-transport\/#breadcrumb","itemListElement":[{"@type":"ListItem","position":1,"name":"Home","item":"https:\/\/www.mattheeuws.com\/de\/"},{"@type":"ListItem","position":2,"name":"Transport","item":"https:\/\/www.mattheeuws.com\/de\/transport\/"},{"@type":"ListItem","position":3,"name":"Krafstofftransport"}]},{"@type":"WebSite","@id":"https:\/\/www.mattheeuws.com\/nl\/#website","url":"https:\/\/www.mattheeuws.com\/nl\/","name":"Mattheeuws","description":"","potentialAction":[{"@type":"SearchAction","target":{"@type":"EntryPoint","urlTemplate":"https:\/\/www.mattheeuws.com\/nl\/?s={search_term_string}"},"query-input":{"@type":"PropertyValueSpecification","valueRequired":true,"valueName":"search_term_string"}}],"inLanguage":"de"}]}},"_links":{"self":[{"href":"https:\/\/www.mattheeuws.com\/de\/wp-json\/wp\/v2\/pages\/1862","targetHints":{"allow":["GET"]}}],"collection":[{"href":"https:\/\/www.mattheeuws.com\/de\/wp-json\/wp\/v2\/pages"}],"about":[{"href":"https:\/\/www.mattheeuws.com\/de\/wp-json\/wp\/v2\/types\/page"}],"author":[{"embeddable":true,"href":"https:\/\/www.mattheeuws.com\/de\/wp-json\/wp\/v2\/users\/1"}],"replies":[{"embeddable":true,"href":"https:\/\/www.mattheeuws.com\/de\/wp-json\/wp\/v2\/comments?post=1862"}],"version-history":[{"count":6,"href":"https:\/\/www.mattheeuws.com\/de\/wp-json\/wp\/v2\/pages\/1862\/revisions"}],"predecessor-version":[{"id":2977,"href":"https:\/\/www.mattheeuws.com\/de\/wp-json\/wp\/v2\/pages\/1862\/revisions\/2977"}],"up":[{"embeddable":true,"href":"https:\/\/www.mattheeuws.com\/de\/wp-json\/wp\/v2\/pages\/1590"}],"wp:featuredmedia":[{"embeddable":true,"href":"https:\/\/www.mattheeuws.com\/de\/wp-json\/wp\/v2\/media\/4140"}],"wp:attachment":[{"href":"https:\/\/www.mattheeuws.com\/de\/wp-json\/wp\/v2\/media?parent=1862"}],"curies":[{"name":"wp","href":"https:\/\/api.w.org\/{rel}","templated":true}]}}