{"id":1888,"date":"2020-12-21T16:46:28","date_gmt":"2020-12-21T15:46:28","guid":{"rendered":"https:\/\/www.mattheeuws.com\/?page_id=1888"},"modified":"2021-05-07T11:47:59","modified_gmt":"2021-05-07T09:47:59","slug":"container","status":"publish","type":"page","link":"https:\/\/www.mattheeuws.com\/de\/transport\/container\/","title":{"rendered":"Container"},"content":{"rendered":"<p>[vc_row row_height_percent=&#8220;0&#8243; overlay_alpha=&#8220;50&#8243; gutter_size=&#8220;3&#8243; column_width_percent=&#8220;100&#8243; shift_y=&#8220;0&#8243; z_index=&#8220;0&#8243; css=&#8220;.vc_custom_1608722860489{padding-bottom: 50px !important;}&#8220;][vc_column column_width_percent=&#8220;100&#8243; gutter_size=&#8220;3&#8243; overlay_alpha=&#8220;50&#8243; shift_x=&#8220;0&#8243; shift_y=&#8220;0&#8243; shift_y_down=&#8220;0&#8243; z_index=&#8220;0&#8243; medium_width=&#8220;0&#8243; mobile_width=&#8220;0&#8243; width=&#8220;2\/3&#8243; el_class=&#8220;first_block&#8220;][uncode_breadcrumbs separator=&#8220;triangle&#8220;][vc_column_text]<\/p>\n<h2>Unsere Containerflotte<\/h2>\n<p>Seecontainer machen einen kleinen Teil unserer Aktivit\u00e4ten aus. Hierbei geht es um den Transport von Containern in den H\u00e4fen von Antwerpen, Zeebr\u00fcgge und Dunkerque(D\u00fcnkirchen). Mattheeuws reagiert schnell auf den steigenden Containertransport in den H\u00e4fen Zeebr\u00fcgge und Dunkerque. Wir bieten t\u00e4glich Import- und Exporttransporte von Containern von und nach Zeebr\u00fcgge. Unsere gr\u00f6\u00dften Kunden geh\u00f6ren zu den weltweit f\u00fchrenden Containerreedereien. \u00dcbrigens bieten wir auch vertikales Beladen von 20 Fu\u00df Containern und horizontales Beladen von 40 Fu\u00df Containern an.[\/vc_column_text][vc_row_inner row_inner_height_percent=&#8220;0&#8243; overlay_alpha=&#8220;50&#8243; gutter_size=&#8220;3&#8243; shift_y=&#8220;0&#8243; z_index=&#8220;0&#8243; css=&#8220;.vc_custom_1608722687766{padding-top: 30px !important;padding-bottom: 30px !important;}&#8220; limit_content=&#8220;&#8220;][vc_column_inner column_width_percent=&#8220;100&#8243; gutter_size=&#8220;2&#8243; overlay_alpha=&#8220;50&#8243; shift_x=&#8220;0&#8243; shift_y=&#8220;0&#8243; shift_y_down=&#8220;0&#8243; z_index=&#8220;0&#8243; medium_width=&#8220;0&#8243; mobile_width=&#8220;0&#8243; width=&#8220;1\/1&#8243;][vc_column_text]<\/p>\n<h2>F\u00fcr den Transport von<\/h2>\n<p>[\/vc_column_text][vc_column_text]<\/p>\n<table>\n<thead>\n<tr>\n<th width=\"60\"><img decoding=\"async\" src=\"https:\/\/www.mattheeuws.com\/wp-content\/uploads\/2020\/12\/scrap.png\" alt=\"\" width=\"55\" height=\"55\" \/><\/th>\n<th>\n<h4>Schrott<\/h4>\n<\/th>\n<\/tr>\n<\/thead>\n<\/table>\n<p>[\/vc_column_text][\/vc_column_inner][\/vc_row_inner][vc_row_inner row_inner_height_percent=&#8220;0&#8243; back_color=&#8220;color-737473&#8243; overlay_alpha=&#8220;50&#8243; gutter_size=&#8220;3&#8243; shift_y=&#8220;0&#8243; z_index=&#8220;0&#8243; css=&#8220;.vc_custom_1609084561933{margin-top: 30px !important;padding-top: 20px !important;padding-bottom: 20px !important;}&#8220; limit_content=&#8220;&#8220;][vc_column_inner column_width_percent=&#8220;100&#8243; position_vertical=&#8220;middle&#8220; align_horizontal=&#8220;align_center&#8220; gutter_size=&#8220;0&#8243; overlay_alpha=&#8220;50&#8243; shift_x=&#8220;0&#8243; shift_y=&#8220;0&#8243; shift_y_down=&#8220;0&#8243; z_index=&#8220;0&#8243; medium_width=&#8220;0&#8243; mobile_width=&#8220;0&#8243; width=&#8220;5\/12&#8243;][vc_single_image media=&#8220;1137&#8243; media_width_use_pixel=&#8220;yes&#8220; alignment=&#8220;center&#8220; media_width_pixel=&#8220;200&#8243;][\/vc_column_inner][vc_column_inner column_width_percent=&#8220;100&#8243; gutter_size=&#8220;2&#8243; override_padding=&#8220;yes&#8220; column_padding=&#8220;0&#8243; overlay_alpha=&#8220;50&#8243; border_color=&#8220;color-540606&#8243; border_style=&#8220;solid&#8220; shift_x=&#8220;0&#8243; shift_y=&#8220;0&#8243; shift_y_down=&#8220;0&#8243; z_index=&#8220;0&#8243; medium_width=&#8220;0&#8243; mobile_width=&#8220;0&#8243; width=&#8220;7\/12&#8243; css=&#8220;.vc_custom_1609084711221{border-left-width: 1px !important;padding-left: 20px !important;}&#8220;][vc_column_text]<\/p>\n<h2>Technische information<\/h2>\n<p>[\/vc_column_text][uncode_list icon=&#8220;fa fa-circle-check&#8220; icon_color=&#8220;accent&#8220;]<\/p>\n<ul>\n<li>20-Fu\u00df<\/li>\n<li>40-Fu\u00df<\/li>\n<li>Vertikal 20-Fu\u00df laden<\/li>\n<li>Horizontal 40-Fu\u00df laden<\/li>\n<\/ul>\n<p>[\/uncode_list][\/vc_column_inner][\/vc_row_inner][\/vc_column][vc_column column_width_percent=&#8220;100&#8243; gutter_size=&#8220;3&#8243; overlay_alpha=&#8220;50&#8243; shift_x=&#8220;0&#8243; shift_y=&#8220;0&#8243; shift_y_down=&#8220;0&#8243; z_index=&#8220;0&#8243; medium_width=&#8220;0&#8243; mobile_width=&#8220;0&#8243; width=&#8220;1\/3&#8243; el_class=&#8220;sidebar&#8220;][uncode_block id=&#8220;623&#8243; inside_column=&#8220;yes&#8220;][\/vc_column][\/vc_row]<\/p>\n","protected":false},"excerpt":{"rendered":"<p>[vc_row row_height_percent=&#8220;0&#8243; overlay_alpha=&#8220;50&#8243; gutter_size=&#8220;3&#8243; column_width_percent=&#8220;100&#8243; shift_y=&#8220;0&#8243; z_index=&#8220;0&#8243; css=&#8220;.vc_custom_1608722860489{padding-bottom: 50px !important;}&#8220;][vc_column column_width_percent=&#8220;100&#8243; gutter_size=&#8220;3&#8243; overlay_alpha=&#8220;50&#8243; shift_x=&#8220;0&#8243; shift_y=&#8220;0&#8243; shift_y_down=&#8220;0&#8243; z_index=&#8220;0&#8243; medium_width=&#8220;0&#8243; mobile_width=&#8220;0&#8243; width=&#8220;2\/3&#8243; [&hellip;]<\/p>\n","protected":false},"author":1,"featured_media":4288,"parent":1590,"menu_order":0,"comment_status":"closed","ping_status":"closed","template":"","meta":{"footnotes":""},"class_list":["post-1888","page","type-page","status-publish","has-post-thumbnail","hentry"],"yoast_head":"<!-- This site is optimized with the Yoast SEO plugin v27.0 - https:\/\/yoast.com\/product\/yoast-seo-wordpress\/ -->\n<title>Container - Mattheeuws<\/title>\n<meta name=\"robots\" content=\"index, follow, max-snippet:-1, max-image-preview:large, max-video-preview:-1\" \/>\n<link rel=\"canonical\" href=\"https:\/\/www.mattheeuws.com\/de\/transport\/container\/\" \/>\n<meta property=\"og:locale\" content=\"de_DE\" \/>\n<meta property=\"og:type\" content=\"article\" \/>\n<meta property=\"og:title\" content=\"Container - Mattheeuws\" \/>\n<meta property=\"og:description\" content=\"[vc_row row_height_percent=&#8220;0&#8243; overlay_alpha=&#8220;50&#8243; gutter_size=&#8220;3&#8243; column_width_percent=&#8220;100&#8243; shift_y=&#8220;0&#8243; z_index=&#8220;0&#8243; css=&#8220;.vc_custom_1608722860489{padding-bottom: 50px !important;}&#8220;][vc_column column_width_percent=&#8220;100&#8243; gutter_size=&#8220;3&#8243; overlay_alpha=&#8220;50&#8243; shift_x=&#8220;0&#8243; shift_y=&#8220;0&#8243; shift_y_down=&#8220;0&#8243; z_index=&#8220;0&#8243; medium_width=&#8220;0&#8243; mobile_width=&#8220;0&#8243; width=&#8220;2\/3&#8243; [&hellip;]\" \/>\n<meta property=\"og:url\" content=\"https:\/\/www.mattheeuws.com\/de\/transport\/container\/\" \/>\n<meta property=\"og:site_name\" content=\"Mattheeuws\" \/>\n<meta property=\"article:modified_time\" content=\"2021-05-07T09:47:59+00:00\" \/>\n<meta property=\"og:image\" content=\"https:\/\/www.mattheeuws.com\/wp-content\/uploads\/2024\/08\/Mattheeuws_23\u00a9Hablar-97-scaled-e1724332724893.jpg\" \/>\n\t<meta property=\"og:image:width\" content=\"2560\" \/>\n\t<meta property=\"og:image:height\" content=\"1707\" \/>\n\t<meta property=\"og:image:type\" content=\"image\/jpeg\" \/>\n<meta name=\"twitter:card\" content=\"summary_large_image\" \/>\n<meta name=\"twitter:label1\" content=\"Gesch\u00e4tzte Lesezeit\" \/>\n\t<meta name=\"twitter:data1\" content=\"2\u00a0Minuten\" \/>\n<script type=\"application\/ld+json\" class=\"yoast-schema-graph\">{\"@context\":\"https:\/\/schema.org\",\"@graph\":[{\"@type\":\"WebPage\",\"@id\":\"https:\/\/www.mattheeuws.com\/de\/transport\/container\/\",\"url\":\"https:\/\/www.mattheeuws.com\/de\/transport\/container\/\",\"name\":\"Container - Mattheeuws\",\"isPartOf\":{\"@id\":\"https:\/\/www.mattheeuws.com\/nl\/#website\"},\"primaryImageOfPage\":{\"@id\":\"https:\/\/www.mattheeuws.com\/de\/transport\/container\/#primaryimage\"},\"image\":{\"@id\":\"https:\/\/www.mattheeuws.com\/de\/transport\/container\/#primaryimage\"},\"thumbnailUrl\":\"https:\/\/www.mattheeuws.com\/wp-content\/uploads\/2025\/09\/matt_0003_MATTHEEUWS_juli25\u00a9HABLAR-1.jpg\",\"datePublished\":\"2020-12-21T15:46:28+00:00\",\"dateModified\":\"2021-05-07T09:47:59+00:00\",\"breadcrumb\":{\"@id\":\"https:\/\/www.mattheeuws.com\/de\/transport\/container\/#breadcrumb\"},\"inLanguage\":\"de\",\"potentialAction\":[{\"@type\":\"ReadAction\",\"target\":[\"https:\/\/www.mattheeuws.com\/de\/transport\/container\/\"]}]},{\"@type\":\"ImageObject\",\"inLanguage\":\"de\",\"@id\":\"https:\/\/www.mattheeuws.com\/de\/transport\/container\/#primaryimage\",\"url\":\"https:\/\/www.mattheeuws.com\/wp-content\/uploads\/2025\/09\/matt_0003_MATTHEEUWS_juli25\u00a9HABLAR-1.jpg\",\"contentUrl\":\"https:\/\/www.mattheeuws.com\/wp-content\/uploads\/2025\/09\/matt_0003_MATTHEEUWS_juli25\u00a9HABLAR-1.jpg\",\"width\":2000,\"height\":1002,\"caption\":\"Screenshot\"},{\"@type\":\"BreadcrumbList\",\"@id\":\"https:\/\/www.mattheeuws.com\/de\/transport\/container\/#breadcrumb\",\"itemListElement\":[{\"@type\":\"ListItem\",\"position\":1,\"name\":\"Home\",\"item\":\"https:\/\/www.mattheeuws.com\/de\/\"},{\"@type\":\"ListItem\",\"position\":2,\"name\":\"Transport\",\"item\":\"https:\/\/www.mattheeuws.com\/de\/transport\/\"},{\"@type\":\"ListItem\",\"position\":3,\"name\":\"Container\"}]},{\"@type\":\"WebSite\",\"@id\":\"https:\/\/www.mattheeuws.com\/nl\/#website\",\"url\":\"https:\/\/www.mattheeuws.com\/nl\/\",\"name\":\"Mattheeuws\",\"description\":\"\",\"potentialAction\":[{\"@type\":\"SearchAction\",\"target\":{\"@type\":\"EntryPoint\",\"urlTemplate\":\"https:\/\/www.mattheeuws.com\/nl\/?s={search_term_string}\"},\"query-input\":{\"@type\":\"PropertyValueSpecification\",\"valueRequired\":true,\"valueName\":\"search_term_string\"}}],\"inLanguage\":\"de\"}]}<\/script>\n<!-- \/ Yoast SEO plugin. -->","yoast_head_json":{"title":"Container - Mattheeuws","robots":{"index":"index","follow":"follow","max-snippet":"max-snippet:-1","max-image-preview":"max-image-preview:large","max-video-preview":"max-video-preview:-1"},"canonical":"https:\/\/www.mattheeuws.com\/de\/transport\/container\/","og_locale":"de_DE","og_type":"article","og_title":"Container - Mattheeuws","og_description":"[vc_row row_height_percent=&#8220;0&#8243; overlay_alpha=&#8220;50&#8243; gutter_size=&#8220;3&#8243; column_width_percent=&#8220;100&#8243; shift_y=&#8220;0&#8243; z_index=&#8220;0&#8243; css=&#8220;.vc_custom_1608722860489{padding-bottom: 50px !important;}&#8220;][vc_column column_width_percent=&#8220;100&#8243; gutter_size=&#8220;3&#8243; overlay_alpha=&#8220;50&#8243; shift_x=&#8220;0&#8243; shift_y=&#8220;0&#8243; shift_y_down=&#8220;0&#8243; z_index=&#8220;0&#8243; medium_width=&#8220;0&#8243; mobile_width=&#8220;0&#8243; width=&#8220;2\/3&#8243; [&hellip;]","og_url":"https:\/\/www.mattheeuws.com\/de\/transport\/container\/","og_site_name":"Mattheeuws","article_modified_time":"2021-05-07T09:47:59+00:00","og_image":[{"width":2560,"height":1707,"url":"https:\/\/www.mattheeuws.com\/wp-content\/uploads\/2024\/08\/Mattheeuws_23\u00a9Hablar-97-scaled-e1724332724893.jpg","type":"image\/jpeg"}],"twitter_card":"summary_large_image","twitter_misc":{"Gesch\u00e4tzte Lesezeit":"2\u00a0Minuten"},"schema":{"@context":"https:\/\/schema.org","@graph":[{"@type":"WebPage","@id":"https:\/\/www.mattheeuws.com\/de\/transport\/container\/","url":"https:\/\/www.mattheeuws.com\/de\/transport\/container\/","name":"Container - Mattheeuws","isPartOf":{"@id":"https:\/\/www.mattheeuws.com\/nl\/#website"},"primaryImageOfPage":{"@id":"https:\/\/www.mattheeuws.com\/de\/transport\/container\/#primaryimage"},"image":{"@id":"https:\/\/www.mattheeuws.com\/de\/transport\/container\/#primaryimage"},"thumbnailUrl":"https:\/\/www.mattheeuws.com\/wp-content\/uploads\/2025\/09\/matt_0003_MATTHEEUWS_juli25\u00a9HABLAR-1.jpg","datePublished":"2020-12-21T15:46:28+00:00","dateModified":"2021-05-07T09:47:59+00:00","breadcrumb":{"@id":"https:\/\/www.mattheeuws.com\/de\/transport\/container\/#breadcrumb"},"inLanguage":"de","potentialAction":[{"@type":"ReadAction","target":["https:\/\/www.mattheeuws.com\/de\/transport\/container\/"]}]},{"@type":"ImageObject","inLanguage":"de","@id":"https:\/\/www.mattheeuws.com\/de\/transport\/container\/#primaryimage","url":"https:\/\/www.mattheeuws.com\/wp-content\/uploads\/2025\/09\/matt_0003_MATTHEEUWS_juli25\u00a9HABLAR-1.jpg","contentUrl":"https:\/\/www.mattheeuws.com\/wp-content\/uploads\/2025\/09\/matt_0003_MATTHEEUWS_juli25\u00a9HABLAR-1.jpg","width":2000,"height":1002,"caption":"Screenshot"},{"@type":"BreadcrumbList","@id":"https:\/\/www.mattheeuws.com\/de\/transport\/container\/#breadcrumb","itemListElement":[{"@type":"ListItem","position":1,"name":"Home","item":"https:\/\/www.mattheeuws.com\/de\/"},{"@type":"ListItem","position":2,"name":"Transport","item":"https:\/\/www.mattheeuws.com\/de\/transport\/"},{"@type":"ListItem","position":3,"name":"Container"}]},{"@type":"WebSite","@id":"https:\/\/www.mattheeuws.com\/nl\/#website","url":"https:\/\/www.mattheeuws.com\/nl\/","name":"Mattheeuws","description":"","potentialAction":[{"@type":"SearchAction","target":{"@type":"EntryPoint","urlTemplate":"https:\/\/www.mattheeuws.com\/nl\/?s={search_term_string}"},"query-input":{"@type":"PropertyValueSpecification","valueRequired":true,"valueName":"search_term_string"}}],"inLanguage":"de"}]}},"_links":{"self":[{"href":"https:\/\/www.mattheeuws.com\/de\/wp-json\/wp\/v2\/pages\/1888","targetHints":{"allow":["GET"]}}],"collection":[{"href":"https:\/\/www.mattheeuws.com\/de\/wp-json\/wp\/v2\/pages"}],"about":[{"href":"https:\/\/www.mattheeuws.com\/de\/wp-json\/wp\/v2\/types\/page"}],"author":[{"embeddable":true,"href":"https:\/\/www.mattheeuws.com\/de\/wp-json\/wp\/v2\/users\/1"}],"replies":[{"embeddable":true,"href":"https:\/\/www.mattheeuws.com\/de\/wp-json\/wp\/v2\/comments?post=1888"}],"version-history":[{"count":5,"href":"https:\/\/www.mattheeuws.com\/de\/wp-json\/wp\/v2\/pages\/1888\/revisions"}],"predecessor-version":[{"id":2503,"href":"https:\/\/www.mattheeuws.com\/de\/wp-json\/wp\/v2\/pages\/1888\/revisions\/2503"}],"up":[{"embeddable":true,"href":"https:\/\/www.mattheeuws.com\/de\/wp-json\/wp\/v2\/pages\/1590"}],"wp:featuredmedia":[{"embeddable":true,"href":"https:\/\/www.mattheeuws.com\/de\/wp-json\/wp\/v2\/media\/4288"}],"wp:attachment":[{"href":"https:\/\/www.mattheeuws.com\/de\/wp-json\/wp\/v2\/media?parent=1888"}],"curies":[{"name":"wp","href":"https:\/\/api.w.org\/{rel}","templated":true}]}}