{"id":1652,"date":"2021-01-24T13:55:15","date_gmt":"2021-01-24T12:55:15","guid":{"rendered":"https:\/\/www.mattheeuws.com\/?page_id=1652"},"modified":"2021-06-09T16:46:33","modified_gmt":"2021-06-09T14:46:33","slug":"a-propos","status":"publish","type":"page","link":"https:\/\/www.mattheeuws.com\/fr\/a-propos\/","title":{"rendered":"\u00e0 Propos"},"content":{"rendered":"<p>[vc_row row_height_percent=\u00a0\u00bb0&Prime; overlay_alpha=\u00a0\u00bb50&Prime; gutter_size=\u00a0\u00bb3&Prime; column_width_percent=\u00a0\u00bb100&Prime; shift_y=\u00a0\u00bb0&Prime; z_index=\u00a0\u00bb0&Prime;][vc_column column_width_percent=\u00a0\u00bb100&Prime; gutter_size=\u00a0\u00bb2&Prime; overlay_alpha=\u00a0\u00bb50&Prime; shift_x=\u00a0\u00bb0&Prime; shift_y=\u00a0\u00bb0&Prime; shift_y_down=\u00a0\u00bb0&Prime; z_index=\u00a0\u00bb0&Prime; medium_width=\u00a0\u00bb0&Prime; mobile_width=\u00a0\u00bb0&Prime; width=\u00a0\u00bb2\/3&Prime; el_class=\u00a0\u00bbfirst_block\u00a0\u00bb][uncode_breadcrumbs separator=\u00a0\u00bbtriangle\u00a0\u00bb][vc_column_text]Mattheeuws offre divers services logistiques au niveau et le temps demand\u00e9 par l&rsquo;exp\u00e9diteur et le client. Notre objectif est de fournir la meilleure qualit\u00e9 possible ; non seulement dans le service direct, mais aussi dans les activit\u00e9s de soutien et de suivi. Les producteurs et les clients placent des exigences de plus en plus \u00e9lev\u00e9es sur les produits ; nous imposons des exigences \u00e9lev\u00e9es \u00e0 nos services.[\/vc_column_text][vc_empty_space empty_h=\u00a0\u00bb1&Prime;][vc_row_inner row_inner_height_percent=\u00a0\u00bb0&Prime; overlay_alpha=\u00a0\u00bb50&Prime; gutter_size=\u00a0\u00bb3&Prime; shift_y=\u00a0\u00bb0&Prime; z_index=\u00a0\u00bb0&Prime;][vc_column_inner column_width_percent=\u00a0\u00bb100&Prime; gutter_size=\u00a0\u00bb1&Prime; overlay_alpha=\u00a0\u00bb50&Prime; shift_x=\u00a0\u00bb0&Prime; shift_y=\u00a0\u00bb0&Prime; shift_y_down=\u00a0\u00bb0&Prime; z_index=\u00a0\u00bb0&Prime; medium_width=\u00a0\u00bb0&Prime; mobile_width=\u00a0\u00bb0&Prime; width=\u00a0\u00bb1\/1&Prime;][uncode_block id=\u00a0\u00bb754&Prime; inside_column=\u00a0\u00bbyes\u00a0\u00bb][\/vc_column_inner][\/vc_row_inner][\/vc_column][vc_column column_width_percent=\u00a0\u00bb100&Prime; gutter_size=\u00a0\u00bb3&Prime; overlay_alpha=\u00a0\u00bb50&Prime; shift_x=\u00a0\u00bb0&Prime; shift_y=\u00a0\u00bb0&Prime; shift_y_down=\u00a0\u00bb0&Prime; z_index=\u00a0\u00bb0&Prime; medium_width=\u00a0\u00bb0&Prime; mobile_width=\u00a0\u00bb0&Prime; width=\u00a0\u00bb1\/3&Prime; el_class=\u00a0\u00bbsidebar\u00a0\u00bb][uncode_block id=\u00a0\u00bb623&Prime; inside_column=\u00a0\u00bbyes\u00a0\u00bb][\/vc_column][\/vc_row]<\/p>\n","protected":false},"excerpt":{"rendered":"<p>[vc_row row_height_percent=\u00a0\u00bb0&Prime; overlay_alpha=\u00a0\u00bb50&Prime; gutter_size=\u00a0\u00bb3&Prime; column_width_percent=\u00a0\u00bb100&Prime; shift_y=\u00a0\u00bb0&Prime; z_index=\u00a0\u00bb0&Prime;][vc_column column_width_percent=\u00a0\u00bb100&Prime; gutter_size=\u00a0\u00bb2&Prime; overlay_alpha=\u00a0\u00bb50&Prime; shift_x=\u00a0\u00bb0&Prime; shift_y=\u00a0\u00bb0&Prime; shift_y_down=\u00a0\u00bb0&Prime; z_index=\u00a0\u00bb0&Prime; medium_width=\u00a0\u00bb0&Prime; mobile_width=\u00a0\u00bb0&Prime; width=\u00a0\u00bb2\/3&Prime; el_class=\u00a0\u00bbfirst_block\u00a0\u00bb][uncode_breadcrumbs separator=\u00a0\u00bbtriangle\u00a0\u00bb][vc_column_text]Mattheeuws offre [&hellip;]<\/p>\n","protected":false},"author":4,"featured_media":3334,"parent":0,"menu_order":0,"comment_status":"closed","ping_status":"closed","template":"","meta":{"footnotes":""},"class_list":["post-1652","page","type-page","status-publish","has-post-thumbnail","hentry"],"yoast_head":"<!-- This site is optimized with the Yoast SEO plugin v27.0 - https:\/\/yoast.com\/product\/yoast-seo-wordpress\/ -->\n<title>\u00e0 Propos - Mattheeuws<\/title>\n<meta name=\"robots\" content=\"index, follow, max-snippet:-1, max-image-preview:large, max-video-preview:-1\" \/>\n<link rel=\"canonical\" href=\"https:\/\/www.mattheeuws.com\/nl\/over-ons\/\" \/>\n<meta property=\"og:locale\" content=\"fr_FR\" \/>\n<meta property=\"og:type\" content=\"article\" \/>\n<meta property=\"og:title\" content=\"\u00e0 Propos - Mattheeuws\" \/>\n<meta property=\"og:description\" content=\"[vc_row row_height_percent=\u00a0\u00bb0&Prime; overlay_alpha=\u00a0\u00bb50&Prime; gutter_size=\u00a0\u00bb3&Prime; column_width_percent=\u00a0\u00bb100&Prime; shift_y=\u00a0\u00bb0&Prime; z_index=\u00a0\u00bb0&Prime;][vc_column column_width_percent=\u00a0\u00bb100&Prime; gutter_size=\u00a0\u00bb2&Prime; overlay_alpha=\u00a0\u00bb50&Prime; shift_x=\u00a0\u00bb0&Prime; shift_y=\u00a0\u00bb0&Prime; shift_y_down=\u00a0\u00bb0&Prime; z_index=\u00a0\u00bb0&Prime; medium_width=\u00a0\u00bb0&Prime; mobile_width=\u00a0\u00bb0&Prime; width=\u00a0\u00bb2\/3&Prime; el_class=\u00a0\u00bbfirst_block\u00a0\u00bb][uncode_breadcrumbs separator=\u00a0\u00bbtriangle\u00a0\u00bb][vc_column_text]Mattheeuws offre [&hellip;]\" \/>\n<meta property=\"og:url\" content=\"https:\/\/www.mattheeuws.com\/nl\/over-ons\/\" \/>\n<meta property=\"og:site_name\" content=\"Mattheeuws\" \/>\n<meta property=\"article:modified_time\" content=\"2021-06-09T14:46:33+00:00\" \/>\n<meta property=\"og:image\" content=\"https:\/\/www.mattheeuws.com\/wp-content\/uploads\/2024\/07\/Mattheeuws_23\u00a9Hablar-290-scaled-e1721038145243.jpg\" \/>\n\t<meta property=\"og:image:width\" content=\"2560\" \/>\n\t<meta property=\"og:image:height\" content=\"1707\" \/>\n\t<meta property=\"og:image:type\" content=\"image\/jpeg\" \/>\n<meta name=\"twitter:card\" content=\"summary_large_image\" \/>\n<meta name=\"twitter:label1\" content=\"Dur\u00e9e de lecture estim\u00e9e\" \/>\n\t<meta name=\"twitter:data1\" content=\"1 minute\" \/>\n<script type=\"application\/ld+json\" class=\"yoast-schema-graph\">{\"@context\":\"https:\/\/schema.org\",\"@graph\":[{\"@type\":\"WebPage\",\"@id\":\"https:\/\/www.mattheeuws.com\/nl\/over-ons\/\",\"url\":\"https:\/\/www.mattheeuws.com\/nl\/over-ons\/\",\"name\":\"\u00e0 Propos - Mattheeuws\",\"isPartOf\":{\"@id\":\"https:\/\/www.mattheeuws.com\/nl\/#website\"},\"primaryImageOfPage\":{\"@id\":\"https:\/\/www.mattheeuws.com\/nl\/over-ons\/#primaryimage\"},\"image\":{\"@id\":\"https:\/\/www.mattheeuws.com\/nl\/over-ons\/#primaryimage\"},\"thumbnailUrl\":\"https:\/\/www.mattheeuws.com\/wp-content\/uploads\/2024\/07\/Mattheeuws_23\u00a9Hablar-290-scaled-e1721038145243.jpg\",\"datePublished\":\"2021-01-24T12:55:15+00:00\",\"dateModified\":\"2021-06-09T14:46:33+00:00\",\"breadcrumb\":{\"@id\":\"https:\/\/www.mattheeuws.com\/nl\/over-ons\/#breadcrumb\"},\"inLanguage\":\"fr-FR\",\"potentialAction\":[{\"@type\":\"ReadAction\",\"target\":[\"https:\/\/www.mattheeuws.com\/nl\/over-ons\/\"]}]},{\"@type\":\"ImageObject\",\"inLanguage\":\"fr-FR\",\"@id\":\"https:\/\/www.mattheeuws.com\/nl\/over-ons\/#primaryimage\",\"url\":\"https:\/\/www.mattheeuws.com\/wp-content\/uploads\/2024\/07\/Mattheeuws_23\u00a9Hablar-290-scaled-e1721038145243.jpg\",\"contentUrl\":\"https:\/\/www.mattheeuws.com\/wp-content\/uploads\/2024\/07\/Mattheeuws_23\u00a9Hablar-290-scaled-e1721038145243.jpg\",\"width\":2560,\"height\":1707},{\"@type\":\"BreadcrumbList\",\"@id\":\"https:\/\/www.mattheeuws.com\/nl\/over-ons\/#breadcrumb\",\"itemListElement\":[{\"@type\":\"ListItem\",\"position\":1,\"name\":\"Home\",\"item\":\"https:\/\/www.mattheeuws.com\/fr\/\"},{\"@type\":\"ListItem\",\"position\":2,\"name\":\"\u00e0 Propos\"}]},{\"@type\":\"WebSite\",\"@id\":\"https:\/\/www.mattheeuws.com\/nl\/#website\",\"url\":\"https:\/\/www.mattheeuws.com\/nl\/\",\"name\":\"Mattheeuws\",\"description\":\"\",\"potentialAction\":[{\"@type\":\"SearchAction\",\"target\":{\"@type\":\"EntryPoint\",\"urlTemplate\":\"https:\/\/www.mattheeuws.com\/nl\/?s={search_term_string}\"},\"query-input\":{\"@type\":\"PropertyValueSpecification\",\"valueRequired\":true,\"valueName\":\"search_term_string\"}}],\"inLanguage\":\"fr-FR\"}]}<\/script>\n<!-- \/ Yoast SEO plugin. -->","yoast_head_json":{"title":"\u00e0 Propos - Mattheeuws","robots":{"index":"index","follow":"follow","max-snippet":"max-snippet:-1","max-image-preview":"max-image-preview:large","max-video-preview":"max-video-preview:-1"},"canonical":"https:\/\/www.mattheeuws.com\/nl\/over-ons\/","og_locale":"fr_FR","og_type":"article","og_title":"\u00e0 Propos - Mattheeuws","og_description":"[vc_row row_height_percent=\u00a0\u00bb0&Prime; overlay_alpha=\u00a0\u00bb50&Prime; gutter_size=\u00a0\u00bb3&Prime; column_width_percent=\u00a0\u00bb100&Prime; shift_y=\u00a0\u00bb0&Prime; z_index=\u00a0\u00bb0&Prime;][vc_column column_width_percent=\u00a0\u00bb100&Prime; gutter_size=\u00a0\u00bb2&Prime; overlay_alpha=\u00a0\u00bb50&Prime; shift_x=\u00a0\u00bb0&Prime; shift_y=\u00a0\u00bb0&Prime; shift_y_down=\u00a0\u00bb0&Prime; z_index=\u00a0\u00bb0&Prime; medium_width=\u00a0\u00bb0&Prime; mobile_width=\u00a0\u00bb0&Prime; width=\u00a0\u00bb2\/3&Prime; el_class=\u00a0\u00bbfirst_block\u00a0\u00bb][uncode_breadcrumbs separator=\u00a0\u00bbtriangle\u00a0\u00bb][vc_column_text]Mattheeuws offre [&hellip;]","og_url":"https:\/\/www.mattheeuws.com\/nl\/over-ons\/","og_site_name":"Mattheeuws","article_modified_time":"2021-06-09T14:46:33+00:00","og_image":[{"width":2560,"height":1707,"url":"https:\/\/www.mattheeuws.com\/wp-content\/uploads\/2024\/07\/Mattheeuws_23\u00a9Hablar-290-scaled-e1721038145243.jpg","type":"image\/jpeg"}],"twitter_card":"summary_large_image","twitter_misc":{"Dur\u00e9e de lecture estim\u00e9e":"1 minute"},"schema":{"@context":"https:\/\/schema.org","@graph":[{"@type":"WebPage","@id":"https:\/\/www.mattheeuws.com\/nl\/over-ons\/","url":"https:\/\/www.mattheeuws.com\/nl\/over-ons\/","name":"\u00e0 Propos - Mattheeuws","isPartOf":{"@id":"https:\/\/www.mattheeuws.com\/nl\/#website"},"primaryImageOfPage":{"@id":"https:\/\/www.mattheeuws.com\/nl\/over-ons\/#primaryimage"},"image":{"@id":"https:\/\/www.mattheeuws.com\/nl\/over-ons\/#primaryimage"},"thumbnailUrl":"https:\/\/www.mattheeuws.com\/wp-content\/uploads\/2024\/07\/Mattheeuws_23\u00a9Hablar-290-scaled-e1721038145243.jpg","datePublished":"2021-01-24T12:55:15+00:00","dateModified":"2021-06-09T14:46:33+00:00","breadcrumb":{"@id":"https:\/\/www.mattheeuws.com\/nl\/over-ons\/#breadcrumb"},"inLanguage":"fr-FR","potentialAction":[{"@type":"ReadAction","target":["https:\/\/www.mattheeuws.com\/nl\/over-ons\/"]}]},{"@type":"ImageObject","inLanguage":"fr-FR","@id":"https:\/\/www.mattheeuws.com\/nl\/over-ons\/#primaryimage","url":"https:\/\/www.mattheeuws.com\/wp-content\/uploads\/2024\/07\/Mattheeuws_23\u00a9Hablar-290-scaled-e1721038145243.jpg","contentUrl":"https:\/\/www.mattheeuws.com\/wp-content\/uploads\/2024\/07\/Mattheeuws_23\u00a9Hablar-290-scaled-e1721038145243.jpg","width":2560,"height":1707},{"@type":"BreadcrumbList","@id":"https:\/\/www.mattheeuws.com\/nl\/over-ons\/#breadcrumb","itemListElement":[{"@type":"ListItem","position":1,"name":"Home","item":"https:\/\/www.mattheeuws.com\/fr\/"},{"@type":"ListItem","position":2,"name":"\u00e0 Propos"}]},{"@type":"WebSite","@id":"https:\/\/www.mattheeuws.com\/nl\/#website","url":"https:\/\/www.mattheeuws.com\/nl\/","name":"Mattheeuws","description":"","potentialAction":[{"@type":"SearchAction","target":{"@type":"EntryPoint","urlTemplate":"https:\/\/www.mattheeuws.com\/nl\/?s={search_term_string}"},"query-input":{"@type":"PropertyValueSpecification","valueRequired":true,"valueName":"search_term_string"}}],"inLanguage":"fr-FR"}]}},"_links":{"self":[{"href":"https:\/\/www.mattheeuws.com\/fr\/wp-json\/wp\/v2\/pages\/1652","targetHints":{"allow":["GET"]}}],"collection":[{"href":"https:\/\/www.mattheeuws.com\/fr\/wp-json\/wp\/v2\/pages"}],"about":[{"href":"https:\/\/www.mattheeuws.com\/fr\/wp-json\/wp\/v2\/types\/page"}],"author":[{"embeddable":true,"href":"https:\/\/www.mattheeuws.com\/fr\/wp-json\/wp\/v2\/users\/4"}],"replies":[{"embeddable":true,"href":"https:\/\/www.mattheeuws.com\/fr\/wp-json\/wp\/v2\/comments?post=1652"}],"version-history":[{"count":4,"href":"https:\/\/www.mattheeuws.com\/fr\/wp-json\/wp\/v2\/pages\/1652\/revisions"}],"predecessor-version":[{"id":2872,"href":"https:\/\/www.mattheeuws.com\/fr\/wp-json\/wp\/v2\/pages\/1652\/revisions\/2872"}],"wp:featuredmedia":[{"embeddable":true,"href":"https:\/\/www.mattheeuws.com\/fr\/wp-json\/wp\/v2\/media\/3334"}],"wp:attachment":[{"href":"https:\/\/www.mattheeuws.com\/fr\/wp-json\/wp\/v2\/media?parent=1652"}],"curies":[{"name":"wp","href":"https:\/\/api.w.org\/{rel}","templated":true}]}}