{"id":1833,"date":"2020-12-21T16:45:53","date_gmt":"2020-12-21T15:45:53","guid":{"rendered":"https:\/\/www.mattheeuws.com\/?page_id=1833"},"modified":"2021-07-06T12:01:02","modified_gmt":"2021-07-06T10:01:02","slug":"benne-de-silo","status":"publish","type":"page","link":"https:\/\/www.mattheeuws.com\/fr\/transport\/benne-de-silo\/","title":{"rendered":"Benne de silo"},"content":{"rendered":"<p>[vc_row row_height_percent=\u00a0\u00bb0&Prime; overlay_alpha=\u00a0\u00bb50&Prime; gutter_size=\u00a0\u00bb3&Prime; column_width_percent=\u00a0\u00bb100&Prime; shift_y=\u00a0\u00bb0&Prime; z_index=\u00a0\u00bb0&Prime; css=\u00a0\u00bb.vc_custom_1608722860489{padding-bottom: 50px !important;}\u00a0\u00bb][vc_column column_width_percent=\u00a0\u00bb100&Prime; gutter_size=\u00a0\u00bb3&Prime; overlay_alpha=\u00a0\u00bb50&Prime; shift_x=\u00a0\u00bb0&Prime; shift_y=\u00a0\u00bb0&Prime; shift_y_down=\u00a0\u00bb0&Prime; z_index=\u00a0\u00bb0&Prime; medium_width=\u00a0\u00bb0&Prime; mobile_width=\u00a0\u00bb0&Prime; width=\u00a0\u00bb2\/3&Prime; el_class=\u00a0\u00bbfirst_block\u00a0\u00bb][uncode_breadcrumbs separator=\u00a0\u00bbtriangle\u00a0\u00bb][vc_column_text]<\/p>\n<h2>Notre flotte de bennes de silo<\/h2>\n<p>Nos bennes vrac ont un volume qui varie de 43 m\u00b3 \u00e0 65 m\u00b3. Ces remorques conviennent \u00e0 toutes les substances s\u00e8ches, poudreuses et granulaires. Nous pouvons \u00e9galement transporter pour vous tous vos produits GMP, poudre et granul\u00e9s.<\/p>\n<p>Les remorques sont charg\u00e9es en ouvrant un ou plusieurs mags en haut du camion de vrac. En haut, toutes les remorques sont \u00e9quip\u00e9es d&rsquo;une balustrade qui peut \u00eatre repli\u00e9e. Ceci afin de garantir au maximum la s\u00e9curit\u00e9 des personnes au-dessus du vrac lors du chargement.<\/p>\n<p>Le d\u00e9chargement a lieu en basculant la remorque pour que le produit entre dans la tr\u00e9mie \u00e0 l&rsquo;arri\u00e8re et en la pressurisant \u00e9galement avec un compresseur, de sorte que le produit est \u00ab\u00a0liqu\u00e9fi\u00e9\u00a0\u00bb avec de l&rsquo;air et peut ensuite \u00eatre souffl\u00e9 dans un silo.<\/p>\n<p>Tous les \u00e9quipements de transport sont en aluminium de haute qualit\u00e9 afin que le poids d&rsquo;un ensemble tracteur-remorque soit le plus faible possible, afin de pouvoir emporter autant de produits que possible pour nos clients par exp\u00e9dition, afin d&rsquo;obtenir le meilleur tarif possible.<\/p>\n<p>Nous utilisons le plus gros volume de poulet pour les produits \u00e0 faible poids sp\u00e9cifique. Ce sont souvent des produits o\u00f9 le r\u00e9servoir, les raccords et les tuyaux doivent \u00eatre nettoy\u00e9s \u00e0 100% avant chaque chargement.<br \/>\nNous utilisons le plus petit volume de poulet pour les produits \u00e0 poids sp\u00e9cifique \u00e9lev\u00e9. Pour nous, il s&rsquo;agit souvent de produits directement ou indirectement li\u00e9s aux produits de construction. Le transport de sable s\u00e9ch\u00e9 est \u00e9galement une activit\u00e9 dans laquelle nous avons une grande exp\u00e9rience.<\/p>\n<p>Une grande attention est accord\u00e9e dans notre entreprise au processus de d\u00e9chargement. Notre engagement \u00e0 emp\u00eacher un tuyau de se d\u00e9tacher lors du d\u00e9chargement est particuli\u00e8rement r\u00e9ussi. Le domaine d&rsquo;activit\u00e9 de nos bennes vracs est principalement l&rsquo;Allemagne, la Belgique, la France et les Pays-Bas.[\/vc_column_text][vc_row_inner row_inner_height_percent=\u00a0\u00bb0&Prime; overlay_alpha=\u00a0\u00bb50&Prime; gutter_size=\u00a0\u00bb3&Prime; shift_y=\u00a0\u00bb0&Prime; z_index=\u00a0\u00bb0&Prime; css=\u00a0\u00bb.vc_custom_1608722687766{padding-top: 30px !important;padding-bottom: 30px !important;}\u00a0\u00bb limit_content=\u00a0\u00bb\u00a0\u00bb][vc_column_inner column_width_percent=\u00a0\u00bb100&Prime; gutter_size=\u00a0\u00bb2&Prime; overlay_alpha=\u00a0\u00bb50&Prime; shift_x=\u00a0\u00bb0&Prime; shift_y=\u00a0\u00bb0&Prime; shift_y_down=\u00a0\u00bb0&Prime; z_index=\u00a0\u00bb0&Prime; medium_width=\u00a0\u00bb0&Prime; mobile_width=\u00a0\u00bb0&Prime; width=\u00a0\u00bb1\/1&Prime;][vc_column_text]<\/p>\n<h2>Pour le transport de<\/h2>\n<p>[\/vc_column_text][vc_column_text]<\/p>\n<table>\n<thead>\n<tr>\n<th width=\"60\"><img decoding=\"async\" src=\"https:\/\/www.mattheeuws.com\/wp-content\/uploads\/2020\/12\/dierenvoeding-1.png\" alt=\"\" width=\"55\" height=\"55\" \/><\/th>\n<th>\n<h4>Nourriture animale<\/h4>\n<p>C\u00e9r\u00e9ales \u2022 Graines \u2022 Alimentation animale \u2022 Farine \u2022 Malt \u2022 Pommes \u2022 Raisins \u2022 Craie<\/th>\n<\/tr>\n<\/thead>\n<\/table>\n<hr class=\"scheidingslijn\" \/>\n<table>\n<thead>\n<tr>\n<th width=\"60\"><img decoding=\"async\" src=\"https:\/\/www.mattheeuws.com\/wp-content\/uploads\/2020\/12\/icon_2.png\" alt=\"\" width=\"55\" height=\"55\" \/><\/th>\n<th>\n<h4>Min\u00e8raux<\/h4>\n<p>Granulats \u2022 Argile \u2022 Sable \u2022 Sel \u2022 Ballasts \u2022 Charbon \u2022 Gypse \u2022 Silicate \u2022 Feldspath \u2022 Quartz<\/th>\n<\/tr>\n<\/thead>\n<\/table>\n<hr class=\"scheidingslijn\" \/>\n<table>\n<thead>\n<tr>\n<th width=\"60\"><img decoding=\"async\" src=\"https:\/\/www.mattheeuws.com\/wp-content\/uploads\/2020\/12\/icon_3.png\" alt=\"\" width=\"55\" height=\"55\" \/><\/th>\n<th>\n<h4>Industrie &amp; chimie<\/h4>\n<p>Ciment \u2022 Plastiques \u2022 Verre \u2022 Ac\u00e9tate de cellulose \u2022 Chaux \u2022 Charbon actif \u2022 Engrais<\/th>\n<\/tr>\n<\/thead>\n<\/table>\n<p>[\/vc_column_text][\/vc_column_inner][\/vc_row_inner][vc_row_inner row_inner_height_percent=\u00a0\u00bb0&Prime; back_color=\u00a0\u00bbcolor-737473&Prime; overlay_alpha=\u00a0\u00bb50&Prime; gutter_size=\u00a0\u00bb3&Prime; shift_y=\u00a0\u00bb0&Prime; z_index=\u00a0\u00bb0&Prime; css=\u00a0\u00bb.vc_custom_1609084561933{margin-top: 30px !important;padding-top: 20px !important;padding-bottom: 20px !important;}\u00a0\u00bb limit_content=\u00a0\u00bb\u00a0\u00bb][vc_column_inner column_width_percent=\u00a0\u00bb100&Prime; position_vertical=\u00a0\u00bbmiddle\u00a0\u00bb align_horizontal=\u00a0\u00bbalign_center\u00a0\u00bb gutter_size=\u00a0\u00bb0&Prime; overlay_alpha=\u00a0\u00bb50&Prime; shift_x=\u00a0\u00bb0&Prime; shift_y=\u00a0\u00bb0&Prime; shift_y_down=\u00a0\u00bb0&Prime; z_index=\u00a0\u00bb0&Prime; medium_width=\u00a0\u00bb0&Prime; mobile_width=\u00a0\u00bb0&Prime; width=\u00a0\u00bb5\/12&Prime;][vc_single_image media=\u00a0\u00bb1114&Prime; media_width_use_pixel=\u00a0\u00bbyes\u00a0\u00bb alignment=\u00a0\u00bbcenter\u00a0\u00bb media_width_pixel=\u00a0\u00bb200&Prime;][\/vc_column_inner][vc_column_inner column_width_percent=\u00a0\u00bb100&Prime; gutter_size=\u00a0\u00bb2&Prime; override_padding=\u00a0\u00bbyes\u00a0\u00bb column_padding=\u00a0\u00bb0&Prime; overlay_alpha=\u00a0\u00bb50&Prime; border_color=\u00a0\u00bbcolor-540606&Prime; border_style=\u00a0\u00bbsolid\u00a0\u00bb shift_x=\u00a0\u00bb0&Prime; shift_y=\u00a0\u00bb0&Prime; shift_y_down=\u00a0\u00bb0&Prime; z_index=\u00a0\u00bb0&Prime; medium_width=\u00a0\u00bb0&Prime; mobile_width=\u00a0\u00bb0&Prime; width=\u00a0\u00bb7\/12&Prime; css=\u00a0\u00bb.vc_custom_1609084711221{border-left-width: 1px !important;padding-left: 20px !important;}\u00a0\u00bb][vc_column_text]<\/p>\n<h2>Info technique<\/h2>\n<p>[\/vc_column_text][uncode_list icon=\u00a0\u00bbfa fa-circle-check\u00a0\u00bb icon_color=\u00a0\u00bbaccent\u00a0\u00bb]<\/p>\n<ul>\n<li>Volume: 43m\u00b3 &#8211; 65m\u00b3<\/li>\n<li>Capacit\u00e9 de chargement: 26 &#8211; 30 ton<\/li>\n<li>Approuv\u00e9 GMP<\/li>\n<li>Aluminium de haute qualit\u00e9<\/li>\n<\/ul>\n<p>[\/uncode_list][\/vc_column_inner][\/vc_row_inner][\/vc_column][vc_column column_width_percent=\u00a0\u00bb100&Prime; gutter_size=\u00a0\u00bb3&Prime; overlay_alpha=\u00a0\u00bb50&Prime; shift_x=\u00a0\u00bb0&Prime; shift_y=\u00a0\u00bb0&Prime; shift_y_down=\u00a0\u00bb0&Prime; z_index=\u00a0\u00bb0&Prime; medium_width=\u00a0\u00bb0&Prime; mobile_width=\u00a0\u00bb0&Prime; width=\u00a0\u00bb1\/3&Prime; el_class=\u00a0\u00bbsidebar\u00a0\u00bb][uncode_block id=\u00a0\u00bb2634&Prime; inside_column=\u00a0\u00bbyes\u00a0\u00bb][\/vc_column][\/vc_row]<\/p>\n","protected":false},"excerpt":{"rendered":"<p>[vc_row row_height_percent=\u00a0\u00bb0&Prime; overlay_alpha=\u00a0\u00bb50&Prime; gutter_size=\u00a0\u00bb3&Prime; column_width_percent=\u00a0\u00bb100&Prime; shift_y=\u00a0\u00bb0&Prime; z_index=\u00a0\u00bb0&Prime; css=\u00a0\u00bb.vc_custom_1608722860489{padding-bottom: 50px !important;}\u00a0\u00bb][vc_column column_width_percent=\u00a0\u00bb100&Prime; gutter_size=\u00a0\u00bb3&Prime; overlay_alpha=\u00a0\u00bb50&Prime; shift_x=\u00a0\u00bb0&Prime; shift_y=\u00a0\u00bb0&Prime; shift_y_down=\u00a0\u00bb0&Prime; z_index=\u00a0\u00bb0&Prime; medium_width=\u00a0\u00bb0&Prime; mobile_width=\u00a0\u00bb0&Prime; width=\u00a0\u00bb2\/3&Prime; [&hellip;]<\/p>\n","protected":false},"author":1,"featured_media":4055,"parent":1589,"menu_order":0,"comment_status":"closed","ping_status":"closed","template":"","meta":{"footnotes":""},"class_list":["post-1833","page","type-page","status-publish","has-post-thumbnail","hentry"],"yoast_head":"<!-- This site is optimized with the Yoast SEO plugin v27.0 - https:\/\/yoast.com\/product\/yoast-seo-wordpress\/ -->\n<title>Benne de silo - Mattheeuws<\/title>\n<meta name=\"robots\" content=\"index, follow, max-snippet:-1, max-image-preview:large, max-video-preview:-1\" \/>\n<link rel=\"canonical\" href=\"https:\/\/www.mattheeuws.com\/nl\/transport\/silo-kipper\/\" \/>\n<meta property=\"og:locale\" content=\"fr_FR\" \/>\n<meta property=\"og:type\" content=\"article\" \/>\n<meta property=\"og:title\" content=\"Benne de silo - Mattheeuws\" \/>\n<meta property=\"og:description\" content=\"[vc_row row_height_percent=\u00a0\u00bb0&Prime; overlay_alpha=\u00a0\u00bb50&Prime; gutter_size=\u00a0\u00bb3&Prime; column_width_percent=\u00a0\u00bb100&Prime; shift_y=\u00a0\u00bb0&Prime; z_index=\u00a0\u00bb0&Prime; css=\u00a0\u00bb.vc_custom_1608722860489{padding-bottom: 50px !important;}\u00a0\u00bb][vc_column column_width_percent=\u00a0\u00bb100&Prime; gutter_size=\u00a0\u00bb3&Prime; overlay_alpha=\u00a0\u00bb50&Prime; shift_x=\u00a0\u00bb0&Prime; shift_y=\u00a0\u00bb0&Prime; shift_y_down=\u00a0\u00bb0&Prime; z_index=\u00a0\u00bb0&Prime; medium_width=\u00a0\u00bb0&Prime; mobile_width=\u00a0\u00bb0&Prime; width=\u00a0\u00bb2\/3&Prime; [&hellip;]\" \/>\n<meta property=\"og:url\" content=\"https:\/\/www.mattheeuws.com\/nl\/transport\/silo-kipper\/\" \/>\n<meta property=\"og:site_name\" content=\"Mattheeuws\" \/>\n<meta property=\"article:modified_time\" content=\"2021-07-06T10:01:02+00:00\" \/>\n<meta property=\"og:image\" content=\"https:\/\/www.mattheeuws.com\/wp-content\/uploads\/2024\/07\/Mattheeuws_23\u00a9Hablar-305-scaled-e1733153781962.jpg\" \/>\n\t<meta property=\"og:image:width\" content=\"1707\" \/>\n\t<meta property=\"og:image:height\" content=\"2560\" \/>\n\t<meta property=\"og:image:type\" content=\"image\/jpeg\" \/>\n<meta name=\"twitter:card\" content=\"summary_large_image\" \/>\n<meta name=\"twitter:label1\" content=\"Dur\u00e9e de lecture estim\u00e9e\" \/>\n\t<meta name=\"twitter:data1\" content=\"3 minutes\" \/>\n<script type=\"application\/ld+json\" class=\"yoast-schema-graph\">{\"@context\":\"https:\/\/schema.org\",\"@graph\":[{\"@type\":\"WebPage\",\"@id\":\"https:\/\/www.mattheeuws.com\/nl\/transport\/silo-kipper\/\",\"url\":\"https:\/\/www.mattheeuws.com\/nl\/transport\/silo-kipper\/\",\"name\":\"Benne de silo - Mattheeuws\",\"isPartOf\":{\"@id\":\"https:\/\/www.mattheeuws.com\/nl\/#website\"},\"primaryImageOfPage\":{\"@id\":\"https:\/\/www.mattheeuws.com\/nl\/transport\/silo-kipper\/#primaryimage\"},\"image\":{\"@id\":\"https:\/\/www.mattheeuws.com\/nl\/transport\/silo-kipper\/#primaryimage\"},\"thumbnailUrl\":\"https:\/\/www.mattheeuws.com\/wp-content\/uploads\/2025\/09\/mattheeuws_0005_MATTHEEUWStransport_maart25\u00a9HABLAR-76.jpg\",\"datePublished\":\"2020-12-21T15:45:53+00:00\",\"dateModified\":\"2021-07-06T10:01:02+00:00\",\"breadcrumb\":{\"@id\":\"https:\/\/www.mattheeuws.com\/nl\/transport\/silo-kipper\/#breadcrumb\"},\"inLanguage\":\"fr-FR\",\"potentialAction\":[{\"@type\":\"ReadAction\",\"target\":[\"https:\/\/www.mattheeuws.com\/nl\/transport\/silo-kipper\/\"]}]},{\"@type\":\"ImageObject\",\"inLanguage\":\"fr-FR\",\"@id\":\"https:\/\/www.mattheeuws.com\/nl\/transport\/silo-kipper\/#primaryimage\",\"url\":\"https:\/\/www.mattheeuws.com\/wp-content\/uploads\/2025\/09\/mattheeuws_0005_MATTHEEUWStransport_maart25\u00a9HABLAR-76.jpg\",\"contentUrl\":\"https:\/\/www.mattheeuws.com\/wp-content\/uploads\/2025\/09\/mattheeuws_0005_MATTHEEUWStransport_maart25\u00a9HABLAR-76.jpg\",\"width\":2000,\"height\":1002,\"caption\":\"Screenshot\"},{\"@type\":\"BreadcrumbList\",\"@id\":\"https:\/\/www.mattheeuws.com\/nl\/transport\/silo-kipper\/#breadcrumb\",\"itemListElement\":[{\"@type\":\"ListItem\",\"position\":1,\"name\":\"Home\",\"item\":\"https:\/\/www.mattheeuws.com\/fr\/\"},{\"@type\":\"ListItem\",\"position\":2,\"name\":\"Transport\",\"item\":\"https:\/\/www.mattheeuws.com\/fr\/transport\/\"},{\"@type\":\"ListItem\",\"position\":3,\"name\":\"Benne de silo\"}]},{\"@type\":\"WebSite\",\"@id\":\"https:\/\/www.mattheeuws.com\/nl\/#website\",\"url\":\"https:\/\/www.mattheeuws.com\/nl\/\",\"name\":\"Mattheeuws\",\"description\":\"\",\"potentialAction\":[{\"@type\":\"SearchAction\",\"target\":{\"@type\":\"EntryPoint\",\"urlTemplate\":\"https:\/\/www.mattheeuws.com\/nl\/?s={search_term_string}\"},\"query-input\":{\"@type\":\"PropertyValueSpecification\",\"valueRequired\":true,\"valueName\":\"search_term_string\"}}],\"inLanguage\":\"fr-FR\"}]}<\/script>\n<!-- \/ Yoast SEO plugin. -->","yoast_head_json":{"title":"Benne de silo - Mattheeuws","robots":{"index":"index","follow":"follow","max-snippet":"max-snippet:-1","max-image-preview":"max-image-preview:large","max-video-preview":"max-video-preview:-1"},"canonical":"https:\/\/www.mattheeuws.com\/nl\/transport\/silo-kipper\/","og_locale":"fr_FR","og_type":"article","og_title":"Benne de silo - Mattheeuws","og_description":"[vc_row row_height_percent=\u00a0\u00bb0&Prime; overlay_alpha=\u00a0\u00bb50&Prime; gutter_size=\u00a0\u00bb3&Prime; column_width_percent=\u00a0\u00bb100&Prime; shift_y=\u00a0\u00bb0&Prime; z_index=\u00a0\u00bb0&Prime; css=\u00a0\u00bb.vc_custom_1608722860489{padding-bottom: 50px !important;}\u00a0\u00bb][vc_column column_width_percent=\u00a0\u00bb100&Prime; gutter_size=\u00a0\u00bb3&Prime; overlay_alpha=\u00a0\u00bb50&Prime; shift_x=\u00a0\u00bb0&Prime; shift_y=\u00a0\u00bb0&Prime; shift_y_down=\u00a0\u00bb0&Prime; z_index=\u00a0\u00bb0&Prime; medium_width=\u00a0\u00bb0&Prime; mobile_width=\u00a0\u00bb0&Prime; width=\u00a0\u00bb2\/3&Prime; [&hellip;]","og_url":"https:\/\/www.mattheeuws.com\/nl\/transport\/silo-kipper\/","og_site_name":"Mattheeuws","article_modified_time":"2021-07-06T10:01:02+00:00","og_image":[{"width":1707,"height":2560,"url":"https:\/\/www.mattheeuws.com\/wp-content\/uploads\/2024\/07\/Mattheeuws_23\u00a9Hablar-305-scaled-e1733153781962.jpg","type":"image\/jpeg"}],"twitter_card":"summary_large_image","twitter_misc":{"Dur\u00e9e de lecture estim\u00e9e":"3 minutes"},"schema":{"@context":"https:\/\/schema.org","@graph":[{"@type":"WebPage","@id":"https:\/\/www.mattheeuws.com\/nl\/transport\/silo-kipper\/","url":"https:\/\/www.mattheeuws.com\/nl\/transport\/silo-kipper\/","name":"Benne de silo - Mattheeuws","isPartOf":{"@id":"https:\/\/www.mattheeuws.com\/nl\/#website"},"primaryImageOfPage":{"@id":"https:\/\/www.mattheeuws.com\/nl\/transport\/silo-kipper\/#primaryimage"},"image":{"@id":"https:\/\/www.mattheeuws.com\/nl\/transport\/silo-kipper\/#primaryimage"},"thumbnailUrl":"https:\/\/www.mattheeuws.com\/wp-content\/uploads\/2025\/09\/mattheeuws_0005_MATTHEEUWStransport_maart25\u00a9HABLAR-76.jpg","datePublished":"2020-12-21T15:45:53+00:00","dateModified":"2021-07-06T10:01:02+00:00","breadcrumb":{"@id":"https:\/\/www.mattheeuws.com\/nl\/transport\/silo-kipper\/#breadcrumb"},"inLanguage":"fr-FR","potentialAction":[{"@type":"ReadAction","target":["https:\/\/www.mattheeuws.com\/nl\/transport\/silo-kipper\/"]}]},{"@type":"ImageObject","inLanguage":"fr-FR","@id":"https:\/\/www.mattheeuws.com\/nl\/transport\/silo-kipper\/#primaryimage","url":"https:\/\/www.mattheeuws.com\/wp-content\/uploads\/2025\/09\/mattheeuws_0005_MATTHEEUWStransport_maart25\u00a9HABLAR-76.jpg","contentUrl":"https:\/\/www.mattheeuws.com\/wp-content\/uploads\/2025\/09\/mattheeuws_0005_MATTHEEUWStransport_maart25\u00a9HABLAR-76.jpg","width":2000,"height":1002,"caption":"Screenshot"},{"@type":"BreadcrumbList","@id":"https:\/\/www.mattheeuws.com\/nl\/transport\/silo-kipper\/#breadcrumb","itemListElement":[{"@type":"ListItem","position":1,"name":"Home","item":"https:\/\/www.mattheeuws.com\/fr\/"},{"@type":"ListItem","position":2,"name":"Transport","item":"https:\/\/www.mattheeuws.com\/fr\/transport\/"},{"@type":"ListItem","position":3,"name":"Benne de silo"}]},{"@type":"WebSite","@id":"https:\/\/www.mattheeuws.com\/nl\/#website","url":"https:\/\/www.mattheeuws.com\/nl\/","name":"Mattheeuws","description":"","potentialAction":[{"@type":"SearchAction","target":{"@type":"EntryPoint","urlTemplate":"https:\/\/www.mattheeuws.com\/nl\/?s={search_term_string}"},"query-input":{"@type":"PropertyValueSpecification","valueRequired":true,"valueName":"search_term_string"}}],"inLanguage":"fr-FR"}]}},"_links":{"self":[{"href":"https:\/\/www.mattheeuws.com\/fr\/wp-json\/wp\/v2\/pages\/1833","targetHints":{"allow":["GET"]}}],"collection":[{"href":"https:\/\/www.mattheeuws.com\/fr\/wp-json\/wp\/v2\/pages"}],"about":[{"href":"https:\/\/www.mattheeuws.com\/fr\/wp-json\/wp\/v2\/types\/page"}],"author":[{"embeddable":true,"href":"https:\/\/www.mattheeuws.com\/fr\/wp-json\/wp\/v2\/users\/1"}],"replies":[{"embeddable":true,"href":"https:\/\/www.mattheeuws.com\/fr\/wp-json\/wp\/v2\/comments?post=1833"}],"version-history":[{"count":10,"href":"https:\/\/www.mattheeuws.com\/fr\/wp-json\/wp\/v2\/pages\/1833\/revisions"}],"predecessor-version":[{"id":2961,"href":"https:\/\/www.mattheeuws.com\/fr\/wp-json\/wp\/v2\/pages\/1833\/revisions\/2961"}],"up":[{"embeddable":true,"href":"https:\/\/www.mattheeuws.com\/fr\/wp-json\/wp\/v2\/pages\/1589"}],"wp:featuredmedia":[{"embeddable":true,"href":"https:\/\/www.mattheeuws.com\/fr\/wp-json\/wp\/v2\/media\/4055"}],"wp:attachment":[{"href":"https:\/\/www.mattheeuws.com\/fr\/wp-json\/wp\/v2\/media?parent=1833"}],"curies":[{"name":"wp","href":"https:\/\/api.w.org\/{rel}","templated":true}]}}