{"id":1847,"date":"2020-12-21T16:46:02","date_gmt":"2020-12-21T15:46:02","guid":{"rendered":"https:\/\/www.mattheeuws.com\/?page_id=1847"},"modified":"2021-07-23T10:44:47","modified_gmt":"2021-07-23T08:44:47","slug":"silo-pulverulent-bennable","status":"publish","type":"page","link":"https:\/\/www.mattheeuws.com\/fr\/transport\/silo-pulverulent-bennable\/","title":{"rendered":"Silo pulv\u00e9rulent bennable"},"content":{"rendered":"<p>[vc_row row_height_percent=\u00a0\u00bb0&Prime; overlay_alpha=\u00a0\u00bb50&Prime; gutter_size=\u00a0\u00bb3&Prime; column_width_percent=\u00a0\u00bb100&Prime; shift_y=\u00a0\u00bb0&Prime; z_index=\u00a0\u00bb0&Prime; css=\u00a0\u00bb.vc_custom_1608722860489{padding-bottom: 50px !important;}\u00a0\u00bb][vc_column column_width_percent=\u00a0\u00bb100&Prime; gutter_size=\u00a0\u00bb3&Prime; overlay_alpha=\u00a0\u00bb50&Prime; shift_x=\u00a0\u00bb0&Prime; shift_y=\u00a0\u00bb0&Prime; shift_y_down=\u00a0\u00bb0&Prime; z_index=\u00a0\u00bb0&Prime; medium_width=\u00a0\u00bb0&Prime; mobile_width=\u00a0\u00bb0&Prime; width=\u00a0\u00bb2\/3&Prime; el_class=\u00a0\u00bbfirst_block\u00a0\u00bb][uncode_breadcrumbs separator=\u00a0\u00bbtriangle\u00a0\u00bb][vc_column_text]<\/p>\n<h2>Notre flotte de Silo pulv\u00e9rulent bennable<\/h2>\n<p>Nos remorques \u00e0 tr\u00e9mie en vrac ont une capacit\u00e9 qui varie de 35 m\u00b3 \u00e0 39 m\u00b3. Ces remorques sont particuli\u00e8rement adapt\u00e9es aux mat\u00e9riaux de construction pulv\u00e9rulents tels que le ciment, la chaux, le mastic, la craie, les cendres volantes, l&rsquo;anhydrite, etc. Les remorques sont charg\u00e9es en ouvrant un ou plusieurs mages en haut du camion de vrac. En haut, toutes les remorques sont \u00e9quip\u00e9es d&rsquo;une balustrade qui peut \u00eatre repli\u00e9e. Ceci afin de garantir au maximum la s\u00e9curit\u00e9 des personnes au-dessus du vrac lors du chargement.<\/p>\n<p>Le d\u00e9chargement a lieu au moyen de la pression d&rsquo;air du compresseur sur le camion, de sorte que le produit s&rsquo;\u00e9coule \u00e0 travers plusieurs entonnoirs au bas de la remorque vers la sortie \u00e0 l&rsquo;arri\u00e8re et peut ensuite \u00eatre souffl\u00e9 dans un silo. Parce que les produits de construction ont souvent un poids sp\u00e9cifique \u00e9lev\u00e9, une semi-remorque avec un volume relativement petit suffira. Il s&rsquo;agit de maintenir le poids de ces remorques aussi bas que possible. En outre, tous les \u00e9quipements de transport sont r\u00e9alis\u00e9s dans la mesure du possible en aluminium de haute qualit\u00e9, ce qui contribue \u00e9galement \u00e0 limiter le poids propre d&rsquo;un ensemble tracteur-remorque, afin de pouvoir emporter le plus de produits possible pour nos clients par exp\u00e9dition, afin d&rsquo;obtenir le meilleur tarif possible.<\/p>\n<p>Une grande attention est accord\u00e9e dans notre entreprise au processus de d\u00e9chargement. Nos efforts pour emp\u00eacher un tuyau de se d\u00e9tacher lors du d\u00e9chargement sont particuli\u00e8rement r\u00e9ussis. Le domaine d&rsquo;activit\u00e9 de nos remorques-tr\u00e9mies vrac est principalement l&rsquo;Allemagne, la Belgique, la France et les Pays-Bas[\/vc_column_text][vc_row_inner row_inner_height_percent=\u00a0\u00bb0&Prime; overlay_alpha=\u00a0\u00bb50&Prime; gutter_size=\u00a0\u00bb3&Prime; shift_y=\u00a0\u00bb0&Prime; z_index=\u00a0\u00bb0&Prime; css=\u00a0\u00bb.vc_custom_1608722687766{padding-top: 30px !important;padding-bottom: 30px !important;}\u00a0\u00bb limit_content=\u00a0\u00bb\u00a0\u00bb][vc_column_inner column_width_percent=\u00a0\u00bb100&Prime; gutter_size=\u00a0\u00bb2&Prime; overlay_alpha=\u00a0\u00bb50&Prime; shift_x=\u00a0\u00bb0&Prime; shift_y=\u00a0\u00bb0&Prime; shift_y_down=\u00a0\u00bb0&Prime; z_index=\u00a0\u00bb0&Prime; medium_width=\u00a0\u00bb0&Prime; mobile_width=\u00a0\u00bb0&Prime; width=\u00a0\u00bb1\/1&Prime;][vc_column_text]<\/p>\n<h2>Pour le transport de<\/h2>\n<p>[\/vc_column_text][vc_column_text]<\/p>\n<table>\n<thead>\n<tr>\n<th width=\"60\"><img decoding=\"async\" src=\"https:\/\/www.mattheeuws.com\/wp-content\/uploads\/2020\/12\/dierenvoeding-1.png\" alt=\"\" width=\"55\" height=\"55\" \/><\/th>\n<th>\n<h4>Nutrition animale<\/h4>\n<p>C\u00e9r\u00e9ales \u2022 Graines \u2022 Alimentation animale \u2022 Farine \u2022 Malt \u2022 Pommes \u2022 Raisins \u2022 Craie<\/th>\n<\/tr>\n<\/thead>\n<\/table>\n<hr class=\"scheidingslijn\" \/>\n<table>\n<thead>\n<tr>\n<th width=\"60\"><img decoding=\"async\" src=\"https:\/\/www.mattheeuws.com\/wp-content\/uploads\/2020\/12\/icon_2.png\" alt=\"\" width=\"55\" height=\"55\" \/><\/th>\n<th>\n<h4>Min\u00e9raux<\/h4>\n<p>Granulats \u2022 Argile \u2022 Sable \u2022 Sel \u2022 Ballasts \u2022 Charbon \u2022 Gypse \u2022 Silicate \u2022 Feldspath \u2022 Quartz<\/th>\n<\/tr>\n<\/thead>\n<\/table>\n<hr class=\"scheidingslijn\" \/>\n<table>\n<thead>\n<tr>\n<th width=\"60\"><img decoding=\"async\" src=\"https:\/\/www.mattheeuws.com\/wp-content\/uploads\/2020\/12\/icon_3.png\" alt=\"\" width=\"55\" height=\"55\" \/><\/th>\n<th>\n<h4>Industrie &amp; Chimie<\/h4>\n<p>Ciment \u2022 Plastiques \u2022 Verre \u2022 Ac\u00e9tate de cellulose \u2022 Chaux \u2022 Charbon actif \u2022 Engrais<\/th>\n<\/tr>\n<\/thead>\n<\/table>\n<p>[\/vc_column_text][\/vc_column_inner][\/vc_row_inner][vc_row_inner row_inner_height_percent=\u00a0\u00bb0&Prime; back_color=\u00a0\u00bbcolor-737473&Prime; overlay_alpha=\u00a0\u00bb50&Prime; gutter_size=\u00a0\u00bb3&Prime; shift_y=\u00a0\u00bb0&Prime; z_index=\u00a0\u00bb0&Prime; css=\u00a0\u00bb.vc_custom_1609084561933{margin-top: 30px !important;padding-top: 20px !important;padding-bottom: 20px !important;}\u00a0\u00bb limit_content=\u00a0\u00bb\u00a0\u00bb][vc_column_inner column_width_percent=\u00a0\u00bb100&Prime; position_vertical=\u00a0\u00bbmiddle\u00a0\u00bb align_horizontal=\u00a0\u00bbalign_center\u00a0\u00bb gutter_size=\u00a0\u00bb0&Prime; overlay_alpha=\u00a0\u00bb50&Prime; shift_x=\u00a0\u00bb0&Prime; shift_y=\u00a0\u00bb0&Prime; shift_y_down=\u00a0\u00bb0&Prime; z_index=\u00a0\u00bb0&Prime; medium_width=\u00a0\u00bb0&Prime; mobile_width=\u00a0\u00bb0&Prime; width=\u00a0\u00bb5\/12&Prime;][vc_single_image media=\u00a0\u00bb1116&Prime; media_width_use_pixel=\u00a0\u00bbyes\u00a0\u00bb alignment=\u00a0\u00bbcenter\u00a0\u00bb media_width_pixel=\u00a0\u00bb200&Prime;][\/vc_column_inner][vc_column_inner column_width_percent=\u00a0\u00bb100&Prime; gutter_size=\u00a0\u00bb2&Prime; override_padding=\u00a0\u00bbyes\u00a0\u00bb column_padding=\u00a0\u00bb0&Prime; overlay_alpha=\u00a0\u00bb50&Prime; border_color=\u00a0\u00bbcolor-540606&Prime; border_style=\u00a0\u00bbsolid\u00a0\u00bb shift_x=\u00a0\u00bb0&Prime; shift_y=\u00a0\u00bb0&Prime; shift_y_down=\u00a0\u00bb0&Prime; z_index=\u00a0\u00bb0&Prime; medium_width=\u00a0\u00bb0&Prime; mobile_width=\u00a0\u00bb0&Prime; width=\u00a0\u00bb7\/12&Prime; css=\u00a0\u00bb.vc_custom_1609084711221{border-left-width: 1px !important;padding-left: 20px !important;}\u00a0\u00bb][vc_column_text]<\/p>\n<h2>Info technique<\/h2>\n<p>[\/vc_column_text][uncode_list icon=\u00a0\u00bbfa fa-circle-check\u00a0\u00bb icon_color=\u00a0\u00bbaccent\u00a0\u00bb]<\/p>\n<ul>\n<li>Volume: 35m\u00b3 &#8211; 39m\u00b3<\/li>\n<li>Capacit\u00e9 de chargement: 27 &#8211; 31 ton<\/li>\n<\/ul>\n<p>[\/uncode_list][\/vc_column_inner][\/vc_row_inner][\/vc_column][vc_column column_width_percent=\u00a0\u00bb100&Prime; gutter_size=\u00a0\u00bb3&Prime; overlay_alpha=\u00a0\u00bb50&Prime; shift_x=\u00a0\u00bb0&Prime; shift_y=\u00a0\u00bb0&Prime; shift_y_down=\u00a0\u00bb0&Prime; z_index=\u00a0\u00bb0&Prime; medium_width=\u00a0\u00bb0&Prime; mobile_width=\u00a0\u00bb0&Prime; width=\u00a0\u00bb1\/3&Prime; el_class=\u00a0\u00bbsidebar\u00a0\u00bb][uncode_block id=\u00a0\u00bb2634&Prime; inside_column=\u00a0\u00bbyes\u00a0\u00bb][\/vc_column][\/vc_row]<\/p>\n","protected":false},"excerpt":{"rendered":"<p>[vc_row row_height_percent=\u00a0\u00bb0&Prime; overlay_alpha=\u00a0\u00bb50&Prime; gutter_size=\u00a0\u00bb3&Prime; column_width_percent=\u00a0\u00bb100&Prime; shift_y=\u00a0\u00bb0&Prime; z_index=\u00a0\u00bb0&Prime; css=\u00a0\u00bb.vc_custom_1608722860489{padding-bottom: 50px !important;}\u00a0\u00bb][vc_column column_width_percent=\u00a0\u00bb100&Prime; gutter_size=\u00a0\u00bb3&Prime; overlay_alpha=\u00a0\u00bb50&Prime; shift_x=\u00a0\u00bb0&Prime; shift_y=\u00a0\u00bb0&Prime; shift_y_down=\u00a0\u00bb0&Prime; z_index=\u00a0\u00bb0&Prime; medium_width=\u00a0\u00bb0&Prime; mobile_width=\u00a0\u00bb0&Prime; width=\u00a0\u00bb2\/3&Prime; [&hellip;]<\/p>\n","protected":false},"author":1,"featured_media":3320,"parent":1589,"menu_order":0,"comment_status":"closed","ping_status":"closed","template":"","meta":{"footnotes":""},"class_list":["post-1847","page","type-page","status-publish","has-post-thumbnail","hentry"],"yoast_head":"<!-- This site is optimized with the Yoast SEO plugin v27.0 - https:\/\/yoast.com\/product\/yoast-seo-wordpress\/ -->\n<title>Silo pulv\u00e9rulent bennable - Mattheeuws<\/title>\n<meta name=\"robots\" content=\"index, follow, max-snippet:-1, max-image-preview:large, max-video-preview:-1\" \/>\n<link rel=\"canonical\" href=\"https:\/\/www.mattheeuws.com\/fr\/transport\/silo-pulverulent-bennable\/\" \/>\n<meta property=\"og:locale\" content=\"fr_FR\" \/>\n<meta property=\"og:type\" content=\"article\" \/>\n<meta property=\"og:title\" content=\"Silo pulv\u00e9rulent bennable - Mattheeuws\" \/>\n<meta property=\"og:description\" content=\"[vc_row row_height_percent=\u00a0\u00bb0&Prime; overlay_alpha=\u00a0\u00bb50&Prime; gutter_size=\u00a0\u00bb3&Prime; column_width_percent=\u00a0\u00bb100&Prime; shift_y=\u00a0\u00bb0&Prime; z_index=\u00a0\u00bb0&Prime; css=\u00a0\u00bb.vc_custom_1608722860489{padding-bottom: 50px !important;}\u00a0\u00bb][vc_column column_width_percent=\u00a0\u00bb100&Prime; gutter_size=\u00a0\u00bb3&Prime; overlay_alpha=\u00a0\u00bb50&Prime; shift_x=\u00a0\u00bb0&Prime; shift_y=\u00a0\u00bb0&Prime; shift_y_down=\u00a0\u00bb0&Prime; z_index=\u00a0\u00bb0&Prime; medium_width=\u00a0\u00bb0&Prime; mobile_width=\u00a0\u00bb0&Prime; width=\u00a0\u00bb2\/3&Prime; [&hellip;]\" \/>\n<meta property=\"og:url\" content=\"https:\/\/www.mattheeuws.com\/fr\/transport\/silo-pulverulent-bennable\/\" \/>\n<meta property=\"og:site_name\" content=\"Mattheeuws\" \/>\n<meta property=\"article:modified_time\" content=\"2021-07-23T08:44:47+00:00\" \/>\n<meta property=\"og:image\" content=\"https:\/\/www.mattheeuws.com\/wp-content\/uploads\/2024\/07\/Mattheeuws_23\u00a9Hablar-29-scaled-e1721038205630.jpg\" \/>\n\t<meta property=\"og:image:width\" content=\"2560\" \/>\n\t<meta property=\"og:image:height\" content=\"1707\" \/>\n\t<meta property=\"og:image:type\" content=\"image\/jpeg\" \/>\n<meta name=\"twitter:card\" content=\"summary_large_image\" \/>\n<meta name=\"twitter:label1\" content=\"Dur\u00e9e de lecture estim\u00e9e\" \/>\n\t<meta name=\"twitter:data1\" content=\"3 minutes\" \/>\n<script type=\"application\/ld+json\" class=\"yoast-schema-graph\">{\"@context\":\"https:\/\/schema.org\",\"@graph\":[{\"@type\":\"WebPage\",\"@id\":\"https:\/\/www.mattheeuws.com\/fr\/transport\/silo-pulverulent-bennable\/\",\"url\":\"https:\/\/www.mattheeuws.com\/fr\/transport\/silo-pulverulent-bennable\/\",\"name\":\"Silo pulv\u00e9rulent bennable - Mattheeuws\",\"isPartOf\":{\"@id\":\"https:\/\/www.mattheeuws.com\/nl\/#website\"},\"primaryImageOfPage\":{\"@id\":\"https:\/\/www.mattheeuws.com\/fr\/transport\/silo-pulverulent-bennable\/#primaryimage\"},\"image\":{\"@id\":\"https:\/\/www.mattheeuws.com\/fr\/transport\/silo-pulverulent-bennable\/#primaryimage\"},\"thumbnailUrl\":\"https:\/\/www.mattheeuws.com\/wp-content\/uploads\/2024\/07\/Mattheeuws_23\u00a9Hablar-29-scaled-e1721038205630.jpg\",\"datePublished\":\"2020-12-21T15:46:02+00:00\",\"dateModified\":\"2021-07-23T08:44:47+00:00\",\"breadcrumb\":{\"@id\":\"https:\/\/www.mattheeuws.com\/fr\/transport\/silo-pulverulent-bennable\/#breadcrumb\"},\"inLanguage\":\"fr-FR\",\"potentialAction\":[{\"@type\":\"ReadAction\",\"target\":[\"https:\/\/www.mattheeuws.com\/fr\/transport\/silo-pulverulent-bennable\/\"]}]},{\"@type\":\"ImageObject\",\"inLanguage\":\"fr-FR\",\"@id\":\"https:\/\/www.mattheeuws.com\/fr\/transport\/silo-pulverulent-bennable\/#primaryimage\",\"url\":\"https:\/\/www.mattheeuws.com\/wp-content\/uploads\/2024\/07\/Mattheeuws_23\u00a9Hablar-29-scaled-e1721038205630.jpg\",\"contentUrl\":\"https:\/\/www.mattheeuws.com\/wp-content\/uploads\/2024\/07\/Mattheeuws_23\u00a9Hablar-29-scaled-e1721038205630.jpg\",\"width\":2560,\"height\":1707},{\"@type\":\"BreadcrumbList\",\"@id\":\"https:\/\/www.mattheeuws.com\/fr\/transport\/silo-pulverulent-bennable\/#breadcrumb\",\"itemListElement\":[{\"@type\":\"ListItem\",\"position\":1,\"name\":\"Home\",\"item\":\"https:\/\/www.mattheeuws.com\/fr\/\"},{\"@type\":\"ListItem\",\"position\":2,\"name\":\"Transport\",\"item\":\"https:\/\/www.mattheeuws.com\/fr\/transport\/\"},{\"@type\":\"ListItem\",\"position\":3,\"name\":\"Silo pulv\u00e9rulent bennable\"}]},{\"@type\":\"WebSite\",\"@id\":\"https:\/\/www.mattheeuws.com\/nl\/#website\",\"url\":\"https:\/\/www.mattheeuws.com\/nl\/\",\"name\":\"Mattheeuws\",\"description\":\"\",\"potentialAction\":[{\"@type\":\"SearchAction\",\"target\":{\"@type\":\"EntryPoint\",\"urlTemplate\":\"https:\/\/www.mattheeuws.com\/nl\/?s={search_term_string}\"},\"query-input\":{\"@type\":\"PropertyValueSpecification\",\"valueRequired\":true,\"valueName\":\"search_term_string\"}}],\"inLanguage\":\"fr-FR\"}]}<\/script>\n<!-- \/ Yoast SEO plugin. -->","yoast_head_json":{"title":"Silo pulv\u00e9rulent bennable - Mattheeuws","robots":{"index":"index","follow":"follow","max-snippet":"max-snippet:-1","max-image-preview":"max-image-preview:large","max-video-preview":"max-video-preview:-1"},"canonical":"https:\/\/www.mattheeuws.com\/fr\/transport\/silo-pulverulent-bennable\/","og_locale":"fr_FR","og_type":"article","og_title":"Silo pulv\u00e9rulent bennable - Mattheeuws","og_description":"[vc_row row_height_percent=\u00a0\u00bb0&Prime; overlay_alpha=\u00a0\u00bb50&Prime; gutter_size=\u00a0\u00bb3&Prime; column_width_percent=\u00a0\u00bb100&Prime; shift_y=\u00a0\u00bb0&Prime; z_index=\u00a0\u00bb0&Prime; css=\u00a0\u00bb.vc_custom_1608722860489{padding-bottom: 50px !important;}\u00a0\u00bb][vc_column column_width_percent=\u00a0\u00bb100&Prime; gutter_size=\u00a0\u00bb3&Prime; overlay_alpha=\u00a0\u00bb50&Prime; shift_x=\u00a0\u00bb0&Prime; shift_y=\u00a0\u00bb0&Prime; shift_y_down=\u00a0\u00bb0&Prime; z_index=\u00a0\u00bb0&Prime; medium_width=\u00a0\u00bb0&Prime; mobile_width=\u00a0\u00bb0&Prime; width=\u00a0\u00bb2\/3&Prime; [&hellip;]","og_url":"https:\/\/www.mattheeuws.com\/fr\/transport\/silo-pulverulent-bennable\/","og_site_name":"Mattheeuws","article_modified_time":"2021-07-23T08:44:47+00:00","og_image":[{"width":2560,"height":1707,"url":"https:\/\/www.mattheeuws.com\/wp-content\/uploads\/2024\/07\/Mattheeuws_23\u00a9Hablar-29-scaled-e1721038205630.jpg","type":"image\/jpeg"}],"twitter_card":"summary_large_image","twitter_misc":{"Dur\u00e9e de lecture estim\u00e9e":"3 minutes"},"schema":{"@context":"https:\/\/schema.org","@graph":[{"@type":"WebPage","@id":"https:\/\/www.mattheeuws.com\/fr\/transport\/silo-pulverulent-bennable\/","url":"https:\/\/www.mattheeuws.com\/fr\/transport\/silo-pulverulent-bennable\/","name":"Silo pulv\u00e9rulent bennable - Mattheeuws","isPartOf":{"@id":"https:\/\/www.mattheeuws.com\/nl\/#website"},"primaryImageOfPage":{"@id":"https:\/\/www.mattheeuws.com\/fr\/transport\/silo-pulverulent-bennable\/#primaryimage"},"image":{"@id":"https:\/\/www.mattheeuws.com\/fr\/transport\/silo-pulverulent-bennable\/#primaryimage"},"thumbnailUrl":"https:\/\/www.mattheeuws.com\/wp-content\/uploads\/2024\/07\/Mattheeuws_23\u00a9Hablar-29-scaled-e1721038205630.jpg","datePublished":"2020-12-21T15:46:02+00:00","dateModified":"2021-07-23T08:44:47+00:00","breadcrumb":{"@id":"https:\/\/www.mattheeuws.com\/fr\/transport\/silo-pulverulent-bennable\/#breadcrumb"},"inLanguage":"fr-FR","potentialAction":[{"@type":"ReadAction","target":["https:\/\/www.mattheeuws.com\/fr\/transport\/silo-pulverulent-bennable\/"]}]},{"@type":"ImageObject","inLanguage":"fr-FR","@id":"https:\/\/www.mattheeuws.com\/fr\/transport\/silo-pulverulent-bennable\/#primaryimage","url":"https:\/\/www.mattheeuws.com\/wp-content\/uploads\/2024\/07\/Mattheeuws_23\u00a9Hablar-29-scaled-e1721038205630.jpg","contentUrl":"https:\/\/www.mattheeuws.com\/wp-content\/uploads\/2024\/07\/Mattheeuws_23\u00a9Hablar-29-scaled-e1721038205630.jpg","width":2560,"height":1707},{"@type":"BreadcrumbList","@id":"https:\/\/www.mattheeuws.com\/fr\/transport\/silo-pulverulent-bennable\/#breadcrumb","itemListElement":[{"@type":"ListItem","position":1,"name":"Home","item":"https:\/\/www.mattheeuws.com\/fr\/"},{"@type":"ListItem","position":2,"name":"Transport","item":"https:\/\/www.mattheeuws.com\/fr\/transport\/"},{"@type":"ListItem","position":3,"name":"Silo pulv\u00e9rulent bennable"}]},{"@type":"WebSite","@id":"https:\/\/www.mattheeuws.com\/nl\/#website","url":"https:\/\/www.mattheeuws.com\/nl\/","name":"Mattheeuws","description":"","potentialAction":[{"@type":"SearchAction","target":{"@type":"EntryPoint","urlTemplate":"https:\/\/www.mattheeuws.com\/nl\/?s={search_term_string}"},"query-input":{"@type":"PropertyValueSpecification","valueRequired":true,"valueName":"search_term_string"}}],"inLanguage":"fr-FR"}]}},"_links":{"self":[{"href":"https:\/\/www.mattheeuws.com\/fr\/wp-json\/wp\/v2\/pages\/1847","targetHints":{"allow":["GET"]}}],"collection":[{"href":"https:\/\/www.mattheeuws.com\/fr\/wp-json\/wp\/v2\/pages"}],"about":[{"href":"https:\/\/www.mattheeuws.com\/fr\/wp-json\/wp\/v2\/types\/page"}],"author":[{"embeddable":true,"href":"https:\/\/www.mattheeuws.com\/fr\/wp-json\/wp\/v2\/users\/1"}],"replies":[{"embeddable":true,"href":"https:\/\/www.mattheeuws.com\/fr\/wp-json\/wp\/v2\/comments?post=1847"}],"version-history":[{"count":8,"href":"https:\/\/www.mattheeuws.com\/fr\/wp-json\/wp\/v2\/pages\/1847\/revisions"}],"predecessor-version":[{"id":3072,"href":"https:\/\/www.mattheeuws.com\/fr\/wp-json\/wp\/v2\/pages\/1847\/revisions\/3072"}],"up":[{"embeddable":true,"href":"https:\/\/www.mattheeuws.com\/fr\/wp-json\/wp\/v2\/pages\/1589"}],"wp:featuredmedia":[{"embeddable":true,"href":"https:\/\/www.mattheeuws.com\/fr\/wp-json\/wp\/v2\/media\/3320"}],"wp:attachment":[{"href":"https:\/\/www.mattheeuws.com\/fr\/wp-json\/wp\/v2\/media?parent=1847"}],"curies":[{"name":"wp","href":"https:\/\/api.w.org\/{rel}","templated":true}]}}