{"id":1819,"date":"2020-12-21T16:45:42","date_gmt":"2020-12-21T15:45:42","guid":{"rendered":"https:\/\/www.mattheeuws.com\/?page_id=1819"},"modified":"2021-05-25T14:19:46","modified_gmt":"2021-05-25T12:19:46","slug":"wywrotki","status":"publish","type":"page","link":"https:\/\/www.mattheeuws.com\/pl\/transport\/wywrotki\/","title":{"rendered":"Wywrotki"},"content":{"rendered":"<p>[vc_row row_height_percent=&#8221;0&#8243; overlay_alpha=&#8221;50&#8243; gutter_size=&#8221;3&#8243; column_width_percent=&#8221;100&#8243; shift_y=&#8221;0&#8243; z_index=&#8221;0&#8243; css=&#8221;.vc_custom_1608722860489{padding-bottom: 50px !important;}&#8221;][vc_column column_width_percent=&#8221;100&#8243; gutter_size=&#8221;3&#8243; overlay_alpha=&#8221;50&#8243; shift_x=&#8221;0&#8243; shift_y=&#8221;0&#8243; shift_y_down=&#8221;0&#8243; z_index=&#8221;0&#8243; medium_width=&#8221;0&#8243; mobile_width=&#8221;0&#8243; width=&#8221;2\/3&#8243; el_class=&#8221;first_block&#8221;][uncode_breadcrumbs separator=&#8221;triangle&#8221;][vc_column_text]<\/p>\n<h2>Nasza flota wywrotek<\/h2>\n<p>Wywrotki s\u0105 wyposa\u017cone z ty\u0142u w boczne drzwi skrzyd\u0142owe otwieraj\u0105ce si\u0119 na boki. Umo\u017cliwia to roz\u0142adowanie na 3 r\u00f3\u017cne sposoby; Roz\u0142adowujac, otwierajac tylne dzwi lewe i prawe. Roz\u0142adowujac, otwieraj\u0105c tylne drzwi, unosz\u0105c klap\u0119 metalow\u0105. Roz\u0142adowujac, owierajac \u201cokienka\u201d w tylnych dzwiach, do rozladunku np. ziarna<\/p>\n<p>Tylne drzwi wywrotki s\u0105 wyposa\u017cone w podw\u00f3jne zabezpieczenie podczas transportu.Po za\u0142adowaniu kierowca umieszcza klamry na drzwiach i zabezpiecza drzwi za pomoc\u0105 plomby. Cztery zaczepy blokuj\u0105 tylne drzwi, a sworze\u0144 zapewnia, \u017ce zamki s\u0105 wystarczaj\u0105co zablokowane.[\/vc_column_text][vc_row_inner row_inner_height_percent=&#8221;0&#8243; overlay_alpha=&#8221;50&#8243; gutter_size=&#8221;3&#8243; shift_y=&#8221;0&#8243; z_index=&#8221;0&#8243; css=&#8221;.vc_custom_1608722687766{padding-top: 30px !important;padding-bottom: 30px !important;}&#8221; limit_content=&#8221;&#8221;][vc_column_inner column_width_percent=&#8221;100&#8243; gutter_size=&#8221;2&#8243; overlay_alpha=&#8221;50&#8243; shift_x=&#8221;0&#8243; shift_y=&#8221;0&#8243; shift_y_down=&#8221;0&#8243; z_index=&#8221;0&#8243; medium_width=&#8221;0&#8243; mobile_width=&#8221;0&#8243; width=&#8221;1\/1&#8243;][vc_column_text]<\/p>\n<h2>Do transportu<\/h2>\n<p>[\/vc_column_text][vc_column_text]<\/p>\n<table>\n<thead>\n<tr>\n<th width=\"60\"><img decoding=\"async\" src=\"https:\/\/www.mattheeuws.com\/wp-content\/uploads\/2020\/12\/icon_1.png\" alt=\"\" width=\"55\" height=\"55\" \/><\/th>\n<th>\n<h4>Recykling i odzysk<\/h4>\n<p>Pozosta\u0142o\u015bci chemiczne \u2022 Zwyk\u0142e odpady przemys\u0142owe \u2022 Papier Karton \u2022 Zanieczyszczona gleba \u2022 Zu\u017cyte opony \u2022 Metale \u017celazne i nie\u017celazne \u2022 Meble \u2022 Podk\u0142ady kolejowe<\/th>\n<\/tr>\n<\/thead>\n<\/table>\n<hr class=\"scheidingslijn\" \/>\n<table>\n<thead>\n<tr>\n<th width=\"60\"><img decoding=\"async\" src=\"https:\/\/www.mattheeuws.com\/wp-content\/uploads\/2020\/12\/icon_2.png\" alt=\"\" width=\"55\" height=\"55\" \/><\/th>\n<th>\n<h4>Minera\u0142y<\/h4>\n<p>Kruszywa \u2022 Glina \u2022 Piasek \u2022 S\u00f3l \u2022 Balasty \u2022 W\u0119giel \u2022 Gips \u2022 Krzemian \u2022 Skale\u0144 \u2022 Kwarc<\/th>\n<\/tr>\n<\/thead>\n<\/table>\n<hr class=\"scheidingslijn\" \/>\n<table>\n<thead>\n<tr>\n<th width=\"60\"><img decoding=\"async\" src=\"https:\/\/www.mattheeuws.com\/wp-content\/uploads\/2020\/12\/icon_3.png\" alt=\"\" width=\"55\" height=\"55\" \/><\/th>\n<th>\n<h4>Przemys\u0142 &amp; chemia<\/h4>\n<p>Cement \u2022 Tworzywa sztuczne \u2022 Szk\u0142o \u2022 Octan celulozy \u2022 Wapno \u2022 W\u0119giel aktywny \u2022 Nawozy<\/th>\n<\/tr>\n<\/thead>\n<\/table>\n<hr class=\"scheidingslijn\" \/>\n<table>\n<thead>\n<tr>\n<th width=\"60\"><img decoding=\"async\" src=\"https:\/\/www.mattheeuws.com\/wp-content\/uploads\/2020\/12\/icon_4.png\" alt=\"\" width=\"55\" height=\"55\" \/><\/th>\n<th>\n<h4>Podroby<\/h4>\n<p>R\u00f3\u017cne rodzaje podrob\u00f3w<\/th>\n<\/tr>\n<\/thead>\n<\/table>\n<p>[\/vc_column_text][\/vc_column_inner][\/vc_row_inner][vc_row_inner row_inner_height_percent=&#8221;0&#8243; back_color=&#8221;color-737473&#8243; overlay_alpha=&#8221;50&#8243; gutter_size=&#8221;3&#8243; shift_y=&#8221;0&#8243; z_index=&#8221;0&#8243; css=&#8221;.vc_custom_1609084561933{margin-top: 30px !important;padding-top: 20px !important;padding-bottom: 20px !important;}&#8221; limit_content=&#8221;&#8221;][vc_column_inner column_width_percent=&#8221;100&#8243; position_vertical=&#8221;middle&#8221; align_horizontal=&#8221;align_center&#8221; gutter_size=&#8221;0&#8243; overlay_alpha=&#8221;50&#8243; shift_x=&#8221;0&#8243; shift_y=&#8221;0&#8243; shift_y_down=&#8221;0&#8243; z_index=&#8221;0&#8243; medium_width=&#8221;0&#8243; mobile_width=&#8221;0&#8243; width=&#8221;5\/12&#8243;][vc_single_image media=&#8221;1102&#8243; media_width_use_pixel=&#8221;yes&#8221; alignment=&#8221;center&#8221; media_width_pixel=&#8221;200&#8243;][\/vc_column_inner][vc_column_inner column_width_percent=&#8221;100&#8243; gutter_size=&#8221;2&#8243; override_padding=&#8221;yes&#8221; column_padding=&#8221;0&#8243; overlay_alpha=&#8221;50&#8243; border_color=&#8221;color-540606&#8243; border_style=&#8221;solid&#8221; shift_x=&#8221;0&#8243; shift_y=&#8221;0&#8243; shift_y_down=&#8221;0&#8243; z_index=&#8221;0&#8243; medium_width=&#8221;0&#8243; mobile_width=&#8221;0&#8243; width=&#8221;7\/12&#8243; css=&#8221;.vc_custom_1609084711221{border-left-width: 1px !important;padding-left: 20px !important;}&#8221;][vc_column_text]<\/p>\n<h2>Informacje techniczne<\/h2>\n<p>[\/vc_column_text][uncode_list icon=&#8221;fa fa-circle-check&#8221; icon_color=&#8221;accent&#8221;]<\/p>\n<ul>\n<li>Objeto\u015b\u0107: 40m\u00b3-55m\u00b3-63m\u00b3-83m\u00b3<\/li>\n<li>Objeto\u015b\u0107 wodoszczelna: 55m\u00b3<\/li>\n<li>Wzmocnione aluminium<\/li>\n<li>ADR zarejestrowana<\/li>\n<li>Szczelnie zamykaj\u0105ce si\u0119 dzwi<\/li>\n<\/ul>\n<p>[\/uncode_list][\/vc_column_inner][\/vc_row_inner][\/vc_column][vc_column column_width_percent=&#8221;100&#8243; gutter_size=&#8221;3&#8243; overlay_alpha=&#8221;50&#8243; shift_x=&#8221;0&#8243; shift_y=&#8221;0&#8243; shift_y_down=&#8221;0&#8243; z_index=&#8221;0&#8243; medium_width=&#8221;0&#8243; mobile_width=&#8221;0&#8243; width=&#8221;1\/3&#8243; el_class=&#8221;sidebar&#8221;][uncode_block id=&#8221;623&#8243; inside_column=&#8221;yes&#8221;][\/vc_column][\/vc_row]<\/p>\n","protected":false},"excerpt":{"rendered":"<p>[vc_row row_height_percent=&#8221;0&#8243; overlay_alpha=&#8221;50&#8243; gutter_size=&#8221;3&#8243; column_width_percent=&#8221;100&#8243; shift_y=&#8221;0&#8243; z_index=&#8221;0&#8243; css=&#8221;.vc_custom_1608722860489{padding-bottom: 50px !important;}&#8221;][vc_column column_width_percent=&#8221;100&#8243; gutter_size=&#8221;3&#8243; overlay_alpha=&#8221;50&#8243; shift_x=&#8221;0&#8243; shift_y=&#8221;0&#8243; shift_y_down=&#8221;0&#8243; z_index=&#8221;0&#8243; medium_width=&#8221;0&#8243; mobile_width=&#8221;0&#8243; width=&#8221;2\/3&#8243; [&hellip;]<\/p>\n","protected":false},"author":1,"featured_media":3966,"parent":1598,"menu_order":0,"comment_status":"closed","ping_status":"closed","template":"","meta":{"footnotes":""},"class_list":["post-1819","page","type-page","status-publish","has-post-thumbnail","hentry"],"yoast_head":"<!-- This site is optimized with the Yoast SEO plugin v27.0 - https:\/\/yoast.com\/product\/yoast-seo-wordpress\/ -->\n<title>Wywrotki - Mattheeuws<\/title>\n<meta name=\"robots\" content=\"index, follow, max-snippet:-1, max-image-preview:large, max-video-preview:-1\" \/>\n<link rel=\"canonical\" href=\"https:\/\/www.mattheeuws.com\/nl\/transport\/kipper\/\" \/>\n<meta property=\"og:locale\" content=\"pl_PL\" \/>\n<meta property=\"og:type\" content=\"article\" \/>\n<meta property=\"og:title\" content=\"Wywrotki - Mattheeuws\" \/>\n<meta property=\"og:description\" content=\"[vc_row row_height_percent=&#8221;0&#8243; overlay_alpha=&#8221;50&#8243; gutter_size=&#8221;3&#8243; column_width_percent=&#8221;100&#8243; shift_y=&#8221;0&#8243; z_index=&#8221;0&#8243; css=&#8221;.vc_custom_1608722860489{padding-bottom: 50px !important;}&#8221;][vc_column column_width_percent=&#8221;100&#8243; gutter_size=&#8221;3&#8243; overlay_alpha=&#8221;50&#8243; shift_x=&#8221;0&#8243; shift_y=&#8221;0&#8243; shift_y_down=&#8221;0&#8243; z_index=&#8221;0&#8243; medium_width=&#8221;0&#8243; mobile_width=&#8221;0&#8243; width=&#8221;2\/3&#8243; [&hellip;]\" \/>\n<meta property=\"og:url\" content=\"https:\/\/www.mattheeuws.com\/nl\/transport\/kipper\/\" \/>\n<meta property=\"og:site_name\" content=\"Mattheeuws\" \/>\n<meta property=\"article:modified_time\" content=\"2021-05-25T12:19:46+00:00\" \/>\n<meta property=\"og:image\" content=\"https:\/\/www.mattheeuws.com\/wp-content\/uploads\/2024\/12\/kipper-1.jpg\" \/>\n\t<meta property=\"og:image:width\" content=\"2110\" \/>\n\t<meta property=\"og:image:height\" content=\"572\" \/>\n\t<meta property=\"og:image:type\" content=\"image\/jpeg\" \/>\n<meta name=\"twitter:card\" content=\"summary_large_image\" \/>\n<meta name=\"twitter:label1\" content=\"Szacowany czas czytania\" \/>\n\t<meta name=\"twitter:data1\" content=\"2 minuty\" \/>\n<script type=\"application\/ld+json\" class=\"yoast-schema-graph\">{\"@context\":\"https:\/\/schema.org\",\"@graph\":[{\"@type\":\"WebPage\",\"@id\":\"https:\/\/www.mattheeuws.com\/nl\/transport\/kipper\/\",\"url\":\"https:\/\/www.mattheeuws.com\/nl\/transport\/kipper\/\",\"name\":\"Wywrotki - Mattheeuws\",\"isPartOf\":{\"@id\":\"https:\/\/www.mattheeuws.com\/nl\/#website\"},\"primaryImageOfPage\":{\"@id\":\"https:\/\/www.mattheeuws.com\/nl\/transport\/kipper\/#primaryimage\"},\"image\":{\"@id\":\"https:\/\/www.mattheeuws.com\/nl\/transport\/kipper\/#primaryimage\"},\"thumbnailUrl\":\"https:\/\/www.mattheeuws.com\/wp-content\/uploads\/2024\/12\/kipper-1.jpg\",\"datePublished\":\"2020-12-21T15:45:42+00:00\",\"dateModified\":\"2021-05-25T12:19:46+00:00\",\"breadcrumb\":{\"@id\":\"https:\/\/www.mattheeuws.com\/nl\/transport\/kipper\/#breadcrumb\"},\"inLanguage\":\"pl-PL\",\"potentialAction\":[{\"@type\":\"ReadAction\",\"target\":[\"https:\/\/www.mattheeuws.com\/nl\/transport\/kipper\/\"]}]},{\"@type\":\"ImageObject\",\"inLanguage\":\"pl-PL\",\"@id\":\"https:\/\/www.mattheeuws.com\/nl\/transport\/kipper\/#primaryimage\",\"url\":\"https:\/\/www.mattheeuws.com\/wp-content\/uploads\/2024\/12\/kipper-1.jpg\",\"contentUrl\":\"https:\/\/www.mattheeuws.com\/wp-content\/uploads\/2024\/12\/kipper-1.jpg\",\"width\":2110,\"height\":572},{\"@type\":\"BreadcrumbList\",\"@id\":\"https:\/\/www.mattheeuws.com\/nl\/transport\/kipper\/#breadcrumb\",\"itemListElement\":[{\"@type\":\"ListItem\",\"position\":1,\"name\":\"Home\",\"item\":\"https:\/\/www.mattheeuws.com\/pl\/\"},{\"@type\":\"ListItem\",\"position\":2,\"name\":\"Transport\",\"item\":\"https:\/\/www.mattheeuws.com\/pl\/transport\/\"},{\"@type\":\"ListItem\",\"position\":3,\"name\":\"Wywrotki\"}]},{\"@type\":\"WebSite\",\"@id\":\"https:\/\/www.mattheeuws.com\/nl\/#website\",\"url\":\"https:\/\/www.mattheeuws.com\/nl\/\",\"name\":\"Mattheeuws\",\"description\":\"\",\"potentialAction\":[{\"@type\":\"SearchAction\",\"target\":{\"@type\":\"EntryPoint\",\"urlTemplate\":\"https:\/\/www.mattheeuws.com\/nl\/?s={search_term_string}\"},\"query-input\":{\"@type\":\"PropertyValueSpecification\",\"valueRequired\":true,\"valueName\":\"search_term_string\"}}],\"inLanguage\":\"pl-PL\"}]}<\/script>\n<!-- \/ Yoast SEO plugin. -->","yoast_head_json":{"title":"Wywrotki - Mattheeuws","robots":{"index":"index","follow":"follow","max-snippet":"max-snippet:-1","max-image-preview":"max-image-preview:large","max-video-preview":"max-video-preview:-1"},"canonical":"https:\/\/www.mattheeuws.com\/nl\/transport\/kipper\/","og_locale":"pl_PL","og_type":"article","og_title":"Wywrotki - Mattheeuws","og_description":"[vc_row row_height_percent=&#8221;0&#8243; overlay_alpha=&#8221;50&#8243; gutter_size=&#8221;3&#8243; column_width_percent=&#8221;100&#8243; shift_y=&#8221;0&#8243; z_index=&#8221;0&#8243; css=&#8221;.vc_custom_1608722860489{padding-bottom: 50px !important;}&#8221;][vc_column column_width_percent=&#8221;100&#8243; gutter_size=&#8221;3&#8243; overlay_alpha=&#8221;50&#8243; shift_x=&#8221;0&#8243; shift_y=&#8221;0&#8243; shift_y_down=&#8221;0&#8243; z_index=&#8221;0&#8243; medium_width=&#8221;0&#8243; mobile_width=&#8221;0&#8243; width=&#8221;2\/3&#8243; [&hellip;]","og_url":"https:\/\/www.mattheeuws.com\/nl\/transport\/kipper\/","og_site_name":"Mattheeuws","article_modified_time":"2021-05-25T12:19:46+00:00","og_image":[{"width":2110,"height":572,"url":"https:\/\/www.mattheeuws.com\/wp-content\/uploads\/2024\/12\/kipper-1.jpg","type":"image\/jpeg"}],"twitter_card":"summary_large_image","twitter_misc":{"Szacowany czas czytania":"2 minuty"},"schema":{"@context":"https:\/\/schema.org","@graph":[{"@type":"WebPage","@id":"https:\/\/www.mattheeuws.com\/nl\/transport\/kipper\/","url":"https:\/\/www.mattheeuws.com\/nl\/transport\/kipper\/","name":"Wywrotki - Mattheeuws","isPartOf":{"@id":"https:\/\/www.mattheeuws.com\/nl\/#website"},"primaryImageOfPage":{"@id":"https:\/\/www.mattheeuws.com\/nl\/transport\/kipper\/#primaryimage"},"image":{"@id":"https:\/\/www.mattheeuws.com\/nl\/transport\/kipper\/#primaryimage"},"thumbnailUrl":"https:\/\/www.mattheeuws.com\/wp-content\/uploads\/2024\/12\/kipper-1.jpg","datePublished":"2020-12-21T15:45:42+00:00","dateModified":"2021-05-25T12:19:46+00:00","breadcrumb":{"@id":"https:\/\/www.mattheeuws.com\/nl\/transport\/kipper\/#breadcrumb"},"inLanguage":"pl-PL","potentialAction":[{"@type":"ReadAction","target":["https:\/\/www.mattheeuws.com\/nl\/transport\/kipper\/"]}]},{"@type":"ImageObject","inLanguage":"pl-PL","@id":"https:\/\/www.mattheeuws.com\/nl\/transport\/kipper\/#primaryimage","url":"https:\/\/www.mattheeuws.com\/wp-content\/uploads\/2024\/12\/kipper-1.jpg","contentUrl":"https:\/\/www.mattheeuws.com\/wp-content\/uploads\/2024\/12\/kipper-1.jpg","width":2110,"height":572},{"@type":"BreadcrumbList","@id":"https:\/\/www.mattheeuws.com\/nl\/transport\/kipper\/#breadcrumb","itemListElement":[{"@type":"ListItem","position":1,"name":"Home","item":"https:\/\/www.mattheeuws.com\/pl\/"},{"@type":"ListItem","position":2,"name":"Transport","item":"https:\/\/www.mattheeuws.com\/pl\/transport\/"},{"@type":"ListItem","position":3,"name":"Wywrotki"}]},{"@type":"WebSite","@id":"https:\/\/www.mattheeuws.com\/nl\/#website","url":"https:\/\/www.mattheeuws.com\/nl\/","name":"Mattheeuws","description":"","potentialAction":[{"@type":"SearchAction","target":{"@type":"EntryPoint","urlTemplate":"https:\/\/www.mattheeuws.com\/nl\/?s={search_term_string}"},"query-input":{"@type":"PropertyValueSpecification","valueRequired":true,"valueName":"search_term_string"}}],"inLanguage":"pl-PL"}]}},"_links":{"self":[{"href":"https:\/\/www.mattheeuws.com\/pl\/wp-json\/wp\/v2\/pages\/1819","targetHints":{"allow":["GET"]}}],"collection":[{"href":"https:\/\/www.mattheeuws.com\/pl\/wp-json\/wp\/v2\/pages"}],"about":[{"href":"https:\/\/www.mattheeuws.com\/pl\/wp-json\/wp\/v2\/types\/page"}],"author":[{"embeddable":true,"href":"https:\/\/www.mattheeuws.com\/pl\/wp-json\/wp\/v2\/users\/1"}],"replies":[{"embeddable":true,"href":"https:\/\/www.mattheeuws.com\/pl\/wp-json\/wp\/v2\/comments?post=1819"}],"version-history":[{"count":7,"href":"https:\/\/www.mattheeuws.com\/pl\/wp-json\/wp\/v2\/pages\/1819\/revisions"}],"predecessor-version":[{"id":2849,"href":"https:\/\/www.mattheeuws.com\/pl\/wp-json\/wp\/v2\/pages\/1819\/revisions\/2849"}],"up":[{"embeddable":true,"href":"https:\/\/www.mattheeuws.com\/pl\/wp-json\/wp\/v2\/pages\/1598"}],"wp:featuredmedia":[{"embeddable":true,"href":"https:\/\/www.mattheeuws.com\/pl\/wp-json\/wp\/v2\/media\/3966"}],"wp:attachment":[{"href":"https:\/\/www.mattheeuws.com\/pl\/wp-json\/wp\/v2\/media?parent=1819"}],"curies":[{"name":"wp","href":"https:\/\/api.w.org\/{rel}","templated":true}]}}