{"id":1835,"date":"2020-12-21T16:45:53","date_gmt":"2020-12-21T15:45:53","guid":{"rendered":"https:\/\/www.mattheeuws.com\/?page_id=1835"},"modified":"2021-07-06T12:01:45","modified_gmt":"2021-07-06T10:01:45","slug":"wywrotka-do-silosow","status":"publish","type":"page","link":"https:\/\/www.mattheeuws.com\/pl\/transport\/wywrotka-do-silosow\/","title":{"rendered":"Wywrotka do silos\u00f3w"},"content":{"rendered":"<p>[vc_row row_height_percent=&#8221;0&#8243; overlay_alpha=&#8221;50&#8243; gutter_size=&#8221;3&#8243; column_width_percent=&#8221;100&#8243; shift_y=&#8221;0&#8243; z_index=&#8221;0&#8243; css=&#8221;.vc_custom_1608722860489{padding-bottom: 50px !important;}&#8221;][vc_column column_width_percent=&#8221;100&#8243; gutter_size=&#8221;3&#8243; overlay_alpha=&#8221;50&#8243; shift_x=&#8221;0&#8243; shift_y=&#8221;0&#8243; shift_y_down=&#8221;0&#8243; z_index=&#8221;0&#8243; medium_width=&#8221;0&#8243; mobile_width=&#8221;0&#8243; width=&#8221;2\/3&#8243; el_class=&#8221;first_block&#8221;][uncode_breadcrumbs separator=&#8221;triangle&#8221;][vc_column_text]<\/p>\n<h2>Nasza flota wywrotek do silos\u00f3w<\/h2>\n<p>Nasze wywrotki do przewozu luzem maj\u0105 pojemno\u015b\u0107 od 43 m\u00b3 do 65 m\u00b3. Te przyczepy nadaj\u0105 si\u0119 do wszystkich substancji suchych, proszkowych i ziarnistych. Mo\u017cemy r\u00f3wnie\u017c przetransportowa\u0107 dla Ciebie wszystkie towary GMP, proszki i granulaty.<\/p>\n<p>Naczepy s\u0105 \u0142adowane przez otwarcie jednego lub wi\u0119cej magazynk\u00f3w na g\u00f3rze ci\u0119\u017car\u00f3wki. U g\u00f3ry wszystkie przyczepy wyposa\u017cone s\u0105 w sk\u0142adan\u0105 barierk\u0119. Ma to na celu zapewnienie jak najwi\u0119kszego bezpiecze\u0144stwa ludzi znajduj\u0105cych si\u0119 na wierzchu \u0142adunku podczas za\u0142adunku.<\/p>\n<p>Roz\u0142adunek odbywa si\u0119 poprzez przechylenie przyczepy tak, aby produkt trafi\u0142 do leja z ty\u0142u, a tak\u017ce spr\u0119\u017cenie go za pomoc\u0105 kompresora, dzi\u0119ki czemu produkt zostaje \u201eskroplony\u201d powietrzem, a nast\u0119pnie mo\u017ce zosta\u0107 wdmuchany do silosu.<\/p>\n<p>Ca\u0142y sprz\u0119t transportowy wykonany jest z wysokiej jako\u015bci aluminium tak, aby waga zestawu ci\u0105gnik-przyczepa by\u0142a jak najmniejsza, aby m\u00f3c zabra\u0107 jak najwi\u0119cej produktu dla naszych klient\u00f3w na przesy\u0142k\u0119, w celu uzyskania najlepsza mo\u017cliwa cena.<\/p>\n<p>W przypadku produkt\u00f3w o ma\u0142ej masie w\u0142a\u015bciwej stosujemy wi\u0119ksz\u0105 mas\u0119 kurczaka. S\u0105 to cz\u0119sto produkty, w kt\u00f3rych zbiornik, armatura i w\u0119\u017ce musz\u0105 by\u0107 w 100% oczyszczone przed ka\u017cdym za\u0142adunkiem.<br \/>\nW przypadku produkt\u00f3w o du\u017cej masie w\u0142a\u015bciwej stosujemy mniejsz\u0105 mas\u0119 kurczaka. Dla nas s\u0105 to cz\u0119sto produkty bezpo\u015brednio lub po\u015brednio zwi\u0105zane z wyrobami budowlanymi. Transport wysuszonego piasku to tak\u017ce czynno\u015b\u0107, w kt\u00f3rej mamy du\u017ce do\u015bwiadczenie.<\/p>\n<p>W naszej firmie du\u017c\u0105 wag\u0119 przywi\u0105zujemy do procesu roz\u0142adunku. Nasze zaanga\u017cowanie w zapobieganie poluzowaniu si\u0119 w\u0119\u017ca podczas roz\u0142adunku jest szczeg\u00f3lnie skuteczne. Zakres dzia\u0142alno\u015bci naszych wywrotek do przewozu luzem to g\u0142\u00f3wnie Niemcy, Belgia, Francja i Holandia.[\/vc_column_text][vc_row_inner row_inner_height_percent=&#8221;0&#8243; overlay_alpha=&#8221;50&#8243; gutter_size=&#8221;3&#8243; shift_y=&#8221;0&#8243; z_index=&#8221;0&#8243; css=&#8221;.vc_custom_1608722687766{padding-top: 30px !important;padding-bottom: 30px !important;}&#8221; limit_content=&#8221;&#8221;][vc_column_inner column_width_percent=&#8221;100&#8243; gutter_size=&#8221;2&#8243; overlay_alpha=&#8221;50&#8243; shift_x=&#8221;0&#8243; shift_y=&#8221;0&#8243; shift_y_down=&#8221;0&#8243; z_index=&#8221;0&#8243; medium_width=&#8221;0&#8243; mobile_width=&#8221;0&#8243; width=&#8221;1\/1&#8243;][vc_column_text]<\/p>\n<h2>Do transportu<\/h2>\n<p>[\/vc_column_text][vc_column_text]<\/p>\n<table>\n<thead>\n<tr>\n<th width=\"60\"><img decoding=\"async\" src=\"https:\/\/www.mattheeuws.com\/wp-content\/uploads\/2020\/12\/dierenvoeding-1.png\" alt=\"\" width=\"55\" height=\"55\" \/><\/th>\n<th>\n<h4>Karma dla zwierz\u0105t<\/h4>\n<p>Zbo\u017ca \u2022 Nasiona \u2022 Pasza dla zwierz\u0105t \u2022 M\u0105ka \u2022 S\u0142\u00f3d \u2022 Jab\u0142ka \u2022 Winogrona \u2022 Kreda<\/th>\n<\/tr>\n<\/thead>\n<\/table>\n<hr class=\"scheidingslijn\" \/>\n<table>\n<thead>\n<tr>\n<th width=\"60\"><img decoding=\"async\" src=\"https:\/\/www.mattheeuws.com\/wp-content\/uploads\/2020\/12\/icon_2.png\" alt=\"\" width=\"55\" height=\"55\" \/><\/th>\n<th>\n<h4>Minera\u0142y<\/h4>\n<p>Kruszywa \u2022 Glina \u2022 Piasek \u2022 S\u00f3l \u2022 Balasty \u2022 W\u0119giel \u2022 Gips \u2022 Krzemian \u2022 Skale\u0144 \u2022 Kwarc<\/th>\n<\/tr>\n<\/thead>\n<\/table>\n<hr class=\"scheidingslijn\" \/>\n<table>\n<thead>\n<tr>\n<th width=\"60\"><img decoding=\"async\" src=\"https:\/\/www.mattheeuws.com\/wp-content\/uploads\/2020\/12\/icon_3.png\" alt=\"\" width=\"55\" height=\"55\" \/><\/th>\n<th>\n<h4>Przemys\u0142 &amp; chemia<\/h4>\n<p>Cement \u2022 Tworzywa sztuczne \u2022 Szk\u0142o \u2022 Octan celulozy \u2022 Wapno \u2022 W\u0119giel aktywny \u2022 Nawozy<\/th>\n<\/tr>\n<\/thead>\n<\/table>\n<p>[\/vc_column_text][\/vc_column_inner][\/vc_row_inner][vc_row_inner row_inner_height_percent=&#8221;0&#8243; back_color=&#8221;color-737473&#8243; overlay_alpha=&#8221;50&#8243; gutter_size=&#8221;3&#8243; shift_y=&#8221;0&#8243; z_index=&#8221;0&#8243; css=&#8221;.vc_custom_1609084561933{margin-top: 30px !important;padding-top: 20px !important;padding-bottom: 20px !important;}&#8221; limit_content=&#8221;&#8221;][vc_column_inner column_width_percent=&#8221;100&#8243; position_vertical=&#8221;middle&#8221; align_horizontal=&#8221;align_center&#8221; gutter_size=&#8221;0&#8243; overlay_alpha=&#8221;50&#8243; shift_x=&#8221;0&#8243; shift_y=&#8221;0&#8243; shift_y_down=&#8221;0&#8243; z_index=&#8221;0&#8243; medium_width=&#8221;0&#8243; mobile_width=&#8221;0&#8243; width=&#8221;5\/12&#8243;][vc_single_image media=&#8221;1114&#8243; media_width_use_pixel=&#8221;yes&#8221; alignment=&#8221;center&#8221; media_width_pixel=&#8221;200&#8243;][\/vc_column_inner][vc_column_inner column_width_percent=&#8221;100&#8243; gutter_size=&#8221;2&#8243; override_padding=&#8221;yes&#8221; column_padding=&#8221;0&#8243; overlay_alpha=&#8221;50&#8243; border_color=&#8221;color-540606&#8243; border_style=&#8221;solid&#8221; shift_x=&#8221;0&#8243; shift_y=&#8221;0&#8243; shift_y_down=&#8221;0&#8243; z_index=&#8221;0&#8243; medium_width=&#8221;0&#8243; mobile_width=&#8221;0&#8243; width=&#8221;7\/12&#8243; css=&#8221;.vc_custom_1609084711221{border-left-width: 1px !important;padding-left: 20px !important;}&#8221;][vc_column_text]<\/p>\n<h2>Informacje techniczne<\/h2>\n<p>[\/vc_column_text][uncode_list icon=&#8221;fa fa-circle-check&#8221; icon_color=&#8221;accent&#8221;]<\/p>\n<ul>\n<li>Objeto\u015b\u0107: 43m\u00b3 &#8211; 65m\u00b3<\/li>\n<li>\u0141adowno\u015b\u0107: 26 &#8211; 30 ton<\/li>\n<li>Zatwierdzony przez GMP<\/li>\n<li>Wysokiej jako\u015bci aluminium<\/li>\n<\/ul>\n<p>[\/uncode_list][\/vc_column_inner][\/vc_row_inner][\/vc_column][vc_column column_width_percent=&#8221;100&#8243; gutter_size=&#8221;3&#8243; overlay_alpha=&#8221;50&#8243; shift_x=&#8221;0&#8243; shift_y=&#8221;0&#8243; shift_y_down=&#8221;0&#8243; z_index=&#8221;0&#8243; medium_width=&#8221;0&#8243; mobile_width=&#8221;0&#8243; width=&#8221;1\/3&#8243; el_class=&#8221;sidebar&#8221;][uncode_block id=&#8221;2629&#8243; inside_column=&#8221;yes&#8221;][\/vc_column][\/vc_row]<\/p>\n","protected":false},"excerpt":{"rendered":"<p>[vc_row row_height_percent=&#8221;0&#8243; overlay_alpha=&#8221;50&#8243; gutter_size=&#8221;3&#8243; column_width_percent=&#8221;100&#8243; shift_y=&#8221;0&#8243; z_index=&#8221;0&#8243; css=&#8221;.vc_custom_1608722860489{padding-bottom: 50px !important;}&#8221;][vc_column column_width_percent=&#8221;100&#8243; gutter_size=&#8221;3&#8243; overlay_alpha=&#8221;50&#8243; shift_x=&#8221;0&#8243; shift_y=&#8221;0&#8243; shift_y_down=&#8221;0&#8243; z_index=&#8221;0&#8243; medium_width=&#8221;0&#8243; mobile_width=&#8221;0&#8243; width=&#8221;2\/3&#8243; [&hellip;]<\/p>\n","protected":false},"author":1,"featured_media":4057,"parent":1598,"menu_order":0,"comment_status":"closed","ping_status":"closed","template":"","meta":{"footnotes":""},"class_list":["post-1835","page","type-page","status-publish","has-post-thumbnail","hentry"],"yoast_head":"<!-- This site is optimized with the Yoast SEO plugin v27.0 - https:\/\/yoast.com\/product\/yoast-seo-wordpress\/ -->\n<title>Wywrotka do silos\u00f3w - Mattheeuws<\/title>\n<meta name=\"robots\" content=\"index, follow, max-snippet:-1, max-image-preview:large, max-video-preview:-1\" \/>\n<link rel=\"canonical\" href=\"https:\/\/www.mattheeuws.com\/pl\/transport\/wywrotka-do-silosow\/\" \/>\n<meta property=\"og:locale\" content=\"pl_PL\" \/>\n<meta property=\"og:type\" content=\"article\" \/>\n<meta property=\"og:title\" content=\"Wywrotka do silos\u00f3w - Mattheeuws\" \/>\n<meta property=\"og:description\" content=\"[vc_row row_height_percent=&#8221;0&#8243; overlay_alpha=&#8221;50&#8243; gutter_size=&#8221;3&#8243; column_width_percent=&#8221;100&#8243; shift_y=&#8221;0&#8243; z_index=&#8221;0&#8243; css=&#8221;.vc_custom_1608722860489{padding-bottom: 50px !important;}&#8221;][vc_column column_width_percent=&#8221;100&#8243; gutter_size=&#8221;3&#8243; overlay_alpha=&#8221;50&#8243; shift_x=&#8221;0&#8243; shift_y=&#8221;0&#8243; shift_y_down=&#8221;0&#8243; z_index=&#8221;0&#8243; medium_width=&#8221;0&#8243; mobile_width=&#8221;0&#8243; width=&#8221;2\/3&#8243; [&hellip;]\" \/>\n<meta property=\"og:url\" content=\"https:\/\/www.mattheeuws.com\/pl\/transport\/wywrotka-do-silosow\/\" \/>\n<meta property=\"og:site_name\" content=\"Mattheeuws\" \/>\n<meta property=\"article:modified_time\" content=\"2021-07-06T10:01:45+00:00\" \/>\n<meta property=\"og:image\" content=\"https:\/\/www.mattheeuws.com\/wp-content\/uploads\/2024\/07\/Mattheeuws_23\u00a9Hablar-305-scaled-e1733153781962.jpg\" \/>\n\t<meta property=\"og:image:width\" content=\"1707\" \/>\n\t<meta property=\"og:image:height\" content=\"2560\" \/>\n\t<meta property=\"og:image:type\" content=\"image\/jpeg\" \/>\n<meta name=\"twitter:card\" content=\"summary_large_image\" \/>\n<meta name=\"twitter:label1\" content=\"Szacowany czas czytania\" \/>\n\t<meta name=\"twitter:data1\" content=\"3 minuty\" \/>\n<script type=\"application\/ld+json\" class=\"yoast-schema-graph\">{\"@context\":\"https:\/\/schema.org\",\"@graph\":[{\"@type\":\"WebPage\",\"@id\":\"https:\/\/www.mattheeuws.com\/pl\/transport\/wywrotka-do-silosow\/\",\"url\":\"https:\/\/www.mattheeuws.com\/pl\/transport\/wywrotka-do-silosow\/\",\"name\":\"Wywrotka do silos\u00f3w - Mattheeuws\",\"isPartOf\":{\"@id\":\"https:\/\/www.mattheeuws.com\/nl\/#website\"},\"primaryImageOfPage\":{\"@id\":\"https:\/\/www.mattheeuws.com\/pl\/transport\/wywrotka-do-silosow\/#primaryimage\"},\"image\":{\"@id\":\"https:\/\/www.mattheeuws.com\/pl\/transport\/wywrotka-do-silosow\/#primaryimage\"},\"thumbnailUrl\":\"https:\/\/www.mattheeuws.com\/wp-content\/uploads\/2025\/09\/mattheeuws_0005_MATTHEEUWStransport_maart25\u00a9HABLAR-76.jpg\",\"datePublished\":\"2020-12-21T15:45:53+00:00\",\"dateModified\":\"2021-07-06T10:01:45+00:00\",\"breadcrumb\":{\"@id\":\"https:\/\/www.mattheeuws.com\/pl\/transport\/wywrotka-do-silosow\/#breadcrumb\"},\"inLanguage\":\"pl-PL\",\"potentialAction\":[{\"@type\":\"ReadAction\",\"target\":[\"https:\/\/www.mattheeuws.com\/pl\/transport\/wywrotka-do-silosow\/\"]}]},{\"@type\":\"ImageObject\",\"inLanguage\":\"pl-PL\",\"@id\":\"https:\/\/www.mattheeuws.com\/pl\/transport\/wywrotka-do-silosow\/#primaryimage\",\"url\":\"https:\/\/www.mattheeuws.com\/wp-content\/uploads\/2025\/09\/mattheeuws_0005_MATTHEEUWStransport_maart25\u00a9HABLAR-76.jpg\",\"contentUrl\":\"https:\/\/www.mattheeuws.com\/wp-content\/uploads\/2025\/09\/mattheeuws_0005_MATTHEEUWStransport_maart25\u00a9HABLAR-76.jpg\",\"width\":2000,\"height\":1002,\"caption\":\"Screenshot\"},{\"@type\":\"BreadcrumbList\",\"@id\":\"https:\/\/www.mattheeuws.com\/pl\/transport\/wywrotka-do-silosow\/#breadcrumb\",\"itemListElement\":[{\"@type\":\"ListItem\",\"position\":1,\"name\":\"Home\",\"item\":\"https:\/\/www.mattheeuws.com\/pl\/\"},{\"@type\":\"ListItem\",\"position\":2,\"name\":\"Transport\",\"item\":\"https:\/\/www.mattheeuws.com\/pl\/transport\/\"},{\"@type\":\"ListItem\",\"position\":3,\"name\":\"Wywrotka do silos\u00f3w\"}]},{\"@type\":\"WebSite\",\"@id\":\"https:\/\/www.mattheeuws.com\/nl\/#website\",\"url\":\"https:\/\/www.mattheeuws.com\/nl\/\",\"name\":\"Mattheeuws\",\"description\":\"\",\"potentialAction\":[{\"@type\":\"SearchAction\",\"target\":{\"@type\":\"EntryPoint\",\"urlTemplate\":\"https:\/\/www.mattheeuws.com\/nl\/?s={search_term_string}\"},\"query-input\":{\"@type\":\"PropertyValueSpecification\",\"valueRequired\":true,\"valueName\":\"search_term_string\"}}],\"inLanguage\":\"pl-PL\"}]}<\/script>\n<!-- \/ Yoast SEO plugin. -->","yoast_head_json":{"title":"Wywrotka do silos\u00f3w - Mattheeuws","robots":{"index":"index","follow":"follow","max-snippet":"max-snippet:-1","max-image-preview":"max-image-preview:large","max-video-preview":"max-video-preview:-1"},"canonical":"https:\/\/www.mattheeuws.com\/pl\/transport\/wywrotka-do-silosow\/","og_locale":"pl_PL","og_type":"article","og_title":"Wywrotka do silos\u00f3w - Mattheeuws","og_description":"[vc_row row_height_percent=&#8221;0&#8243; overlay_alpha=&#8221;50&#8243; gutter_size=&#8221;3&#8243; column_width_percent=&#8221;100&#8243; shift_y=&#8221;0&#8243; z_index=&#8221;0&#8243; css=&#8221;.vc_custom_1608722860489{padding-bottom: 50px !important;}&#8221;][vc_column column_width_percent=&#8221;100&#8243; gutter_size=&#8221;3&#8243; overlay_alpha=&#8221;50&#8243; shift_x=&#8221;0&#8243; shift_y=&#8221;0&#8243; shift_y_down=&#8221;0&#8243; z_index=&#8221;0&#8243; medium_width=&#8221;0&#8243; mobile_width=&#8221;0&#8243; width=&#8221;2\/3&#8243; [&hellip;]","og_url":"https:\/\/www.mattheeuws.com\/pl\/transport\/wywrotka-do-silosow\/","og_site_name":"Mattheeuws","article_modified_time":"2021-07-06T10:01:45+00:00","og_image":[{"width":1707,"height":2560,"url":"https:\/\/www.mattheeuws.com\/wp-content\/uploads\/2024\/07\/Mattheeuws_23\u00a9Hablar-305-scaled-e1733153781962.jpg","type":"image\/jpeg"}],"twitter_card":"summary_large_image","twitter_misc":{"Szacowany czas czytania":"3 minuty"},"schema":{"@context":"https:\/\/schema.org","@graph":[{"@type":"WebPage","@id":"https:\/\/www.mattheeuws.com\/pl\/transport\/wywrotka-do-silosow\/","url":"https:\/\/www.mattheeuws.com\/pl\/transport\/wywrotka-do-silosow\/","name":"Wywrotka do silos\u00f3w - Mattheeuws","isPartOf":{"@id":"https:\/\/www.mattheeuws.com\/nl\/#website"},"primaryImageOfPage":{"@id":"https:\/\/www.mattheeuws.com\/pl\/transport\/wywrotka-do-silosow\/#primaryimage"},"image":{"@id":"https:\/\/www.mattheeuws.com\/pl\/transport\/wywrotka-do-silosow\/#primaryimage"},"thumbnailUrl":"https:\/\/www.mattheeuws.com\/wp-content\/uploads\/2025\/09\/mattheeuws_0005_MATTHEEUWStransport_maart25\u00a9HABLAR-76.jpg","datePublished":"2020-12-21T15:45:53+00:00","dateModified":"2021-07-06T10:01:45+00:00","breadcrumb":{"@id":"https:\/\/www.mattheeuws.com\/pl\/transport\/wywrotka-do-silosow\/#breadcrumb"},"inLanguage":"pl-PL","potentialAction":[{"@type":"ReadAction","target":["https:\/\/www.mattheeuws.com\/pl\/transport\/wywrotka-do-silosow\/"]}]},{"@type":"ImageObject","inLanguage":"pl-PL","@id":"https:\/\/www.mattheeuws.com\/pl\/transport\/wywrotka-do-silosow\/#primaryimage","url":"https:\/\/www.mattheeuws.com\/wp-content\/uploads\/2025\/09\/mattheeuws_0005_MATTHEEUWStransport_maart25\u00a9HABLAR-76.jpg","contentUrl":"https:\/\/www.mattheeuws.com\/wp-content\/uploads\/2025\/09\/mattheeuws_0005_MATTHEEUWStransport_maart25\u00a9HABLAR-76.jpg","width":2000,"height":1002,"caption":"Screenshot"},{"@type":"BreadcrumbList","@id":"https:\/\/www.mattheeuws.com\/pl\/transport\/wywrotka-do-silosow\/#breadcrumb","itemListElement":[{"@type":"ListItem","position":1,"name":"Home","item":"https:\/\/www.mattheeuws.com\/pl\/"},{"@type":"ListItem","position":2,"name":"Transport","item":"https:\/\/www.mattheeuws.com\/pl\/transport\/"},{"@type":"ListItem","position":3,"name":"Wywrotka do silos\u00f3w"}]},{"@type":"WebSite","@id":"https:\/\/www.mattheeuws.com\/nl\/#website","url":"https:\/\/www.mattheeuws.com\/nl\/","name":"Mattheeuws","description":"","potentialAction":[{"@type":"SearchAction","target":{"@type":"EntryPoint","urlTemplate":"https:\/\/www.mattheeuws.com\/nl\/?s={search_term_string}"},"query-input":{"@type":"PropertyValueSpecification","valueRequired":true,"valueName":"search_term_string"}}],"inLanguage":"pl-PL"}]}},"_links":{"self":[{"href":"https:\/\/www.mattheeuws.com\/pl\/wp-json\/wp\/v2\/pages\/1835","targetHints":{"allow":["GET"]}}],"collection":[{"href":"https:\/\/www.mattheeuws.com\/pl\/wp-json\/wp\/v2\/pages"}],"about":[{"href":"https:\/\/www.mattheeuws.com\/pl\/wp-json\/wp\/v2\/types\/page"}],"author":[{"embeddable":true,"href":"https:\/\/www.mattheeuws.com\/pl\/wp-json\/wp\/v2\/users\/1"}],"replies":[{"embeddable":true,"href":"https:\/\/www.mattheeuws.com\/pl\/wp-json\/wp\/v2\/comments?post=1835"}],"version-history":[{"count":7,"href":"https:\/\/www.mattheeuws.com\/pl\/wp-json\/wp\/v2\/pages\/1835\/revisions"}],"predecessor-version":[{"id":2964,"href":"https:\/\/www.mattheeuws.com\/pl\/wp-json\/wp\/v2\/pages\/1835\/revisions\/2964"}],"up":[{"embeddable":true,"href":"https:\/\/www.mattheeuws.com\/pl\/wp-json\/wp\/v2\/pages\/1598"}],"wp:featuredmedia":[{"embeddable":true,"href":"https:\/\/www.mattheeuws.com\/pl\/wp-json\/wp\/v2\/media\/4057"}],"wp:attachment":[{"href":"https:\/\/www.mattheeuws.com\/pl\/wp-json\/wp\/v2\/media?parent=1835"}],"curies":[{"name":"wp","href":"https:\/\/api.w.org\/{rel}","templated":true}]}}